{"id":708,"date":"2025-03-15T00:11:02","date_gmt":"2025-03-15T00:11:02","guid":{"rendered":"https:\/\/tresonsw.com\/?post_type=product&#038;p=708"},"modified":"2025-03-15T00:11:07","modified_gmt":"2025-03-15T00:11:07","slug":"pre-catalyzed-waterbased-epoxy","status":"publish","type":"product","link":"https:\/\/tresonsw.com\/index.php\/producto\/pre-catalyzed-waterbased-epoxy\/","title":{"rendered":"Pre-Catalyzed Waterbased Epoxy"},"content":{"rendered":"<p>Pre-Catalyzed Waterbased Epoxy es un recubrimiento ep\u00f3xico acr\u00edlico revolucionario a base de agua, de un solo componente pre-catalizado, que<br \/>\nofrece la misma adherencia que un sistema ep\u00f3xico acr\u00edlico de dos componentes, es decir, la misma adherencia, durabilidad y resistencia a las manchas y a la mayor\u00eda de los disolventes de limpieza.<\/p>\n<p>Este producto es bajo en VOC, tiene un olor muy suave, y puede ser aplicado sobre una amplia variedad de primarios sobre sustratos preparados adecuadamente en interiores de metal, madera, mamposter\u00eda, yeso y tableros de yeso.<\/p>\n<p>Ventajas y beneficios<br \/>\n\uf0b7 Un solo componente<br \/>\n\uf0b7 La corrosi\u00f3n y resistente a productos qu\u00edmicos<br \/>\n\uf0b7 Adecuado para su uso en instalaciones inspeccionadas por la USDA.<\/p>\n","protected":false},"excerpt":{"rendered":"<p>Pre-Catalyzed Waterbased Epoxy es un recubrimiento ep\u00f3xico acr\u00edlico revolucionario a base de agua, de un solo componente pre-catalizado, que<br \/>\nofrece la misma adherencia que un sistema ep\u00f3xico acr\u00edlico de dos componentes, es decir, la misma adherencia, durabilidad y resistencia a las manchas y a la mayor\u00eda de los disolventes de limpieza.<\/p>\n<p>Este producto es bajo en VOC, tiene un olor muy suave, y puede ser aplicado sobre una amplia variedad de primarios sobre sustratos preparados adecuadamente en interiores de metal, madera, mamposter\u00eda, yeso y tableros de yeso.<\/p>\n<p>Ventajas y beneficios<br \/>\n\uf0b7 Un solo componente<br \/>\n\uf0b7 La corrosi\u00f3n y resistente a productos qu\u00edmicos<br \/>\n\uf0b7 Adecuado para su uso en instalaciones inspeccionadas por la USDA.<\/p>\n","protected":false},"featured_media":709,"comment_status":"open","ping_status":"closed","template":"","meta":{"saved_in_kubio":false,"_joinchat":[]},"product_brand":[],"product_cat":[80],"product_tag":[],"class_list":{"0":"post-708","1":"product","2":"type-product","3":"status-publish","4":"has-post-thumbnail","6":"product_cat-industrial","8":"first","9":"instock","10":"shipping-taxable","11":"product-type-simple"},"_links":{"self":[{"href":"https:\/\/tresonsw.com\/index.php\/wp-json\/wp\/v2\/product\/708","targetHints":{"allow":["GET"]}}],"collection":[{"href":"https:\/\/tresonsw.com\/index.php\/wp-json\/wp\/v2\/product"}],"about":[{"href":"https:\/\/tresonsw.com\/index.php\/wp-json\/wp\/v2\/types\/product"}],"replies":[{"embeddable":true,"href":"https:\/\/tresonsw.com\/index.php\/wp-json\/wp\/v2\/comments?post=708"}],"wp:featuredmedia":[{"embeddable":true,"href":"https:\/\/tresonsw.com\/index.php\/wp-json\/wp\/v2\/media\/709"}],"wp:attachment":[{"href":"https:\/\/tresonsw.com\/index.php\/wp-json\/wp\/v2\/media?parent=708"}],"wp:term":[{"taxonomy":"product_brand","embeddable":true,"href":"https:\/\/tresonsw.com\/index.php\/wp-json\/wp\/v2\/product_brand?post=708"},{"taxonomy":"product_cat","embeddable":true,"href":"https:\/\/tresonsw.com\/index.php\/wp-json\/wp\/v2\/product_cat?post=708"},{"taxonomy":"product_tag","embeddable":true,"href":"https:\/\/tresonsw.com\/index.php\/wp-json\/wp\/v2\/product_tag?post=708"}],"curies":[{"name":"wp","href":"https:\/\/api.w.org\/{rel}","templated":true}]}}