{"id":706,"date":"2025-03-15T00:08:43","date_gmt":"2025-03-15T00:08:43","guid":{"rendered":"https:\/\/tresonsw.com\/?post_type=product&#038;p=706"},"modified":"2025-03-15T00:08:43","modified_gmt":"2025-03-15T00:08:43","slug":"dtm-acrylic-gloss","status":"publish","type":"product","link":"https:\/\/tresonsw.com\/index.php\/producto\/dtm-acrylic-gloss\/","title":{"rendered":"DTM Acrylic Gloss"},"content":{"rendered":"<p>DTM Acrylic Gloss es un recubrimiento acr\u00edlico para interiores y exteriores, base agua, resistente a la corrosi\u00f3n para usos industriales ligeros a moderados.<\/p>\n<p>Est\u00e1 dise\u00f1ado para el uso en nueva construcci\u00f3n o mantenimiento y se puede utilizar directamente sobre sustratos preparados.<\/p>\n","protected":false},"excerpt":{"rendered":"<p>DTM Acrylic Gloss es un recubrimiento acr\u00edlico para interiores y exteriores, base agua, resistente a la corrosi\u00f3n para usos industriales ligeros a moderados.<\/p>\n<p>Est\u00e1 dise\u00f1ado para el uso en nueva construcci\u00f3n o mantenimiento y se puede utilizar directamente sobre sustratos preparados.<\/p>\n","protected":false},"featured_media":707,"comment_status":"open","ping_status":"closed","template":"","meta":{"saved_in_kubio":false,"_joinchat":[]},"product_brand":[],"product_cat":[80],"product_tag":[],"class_list":{"0":"post-706","1":"product","2":"type-product","3":"status-publish","4":"has-post-thumbnail","6":"product_cat-industrial","8":"first","9":"instock","10":"shipping-taxable","11":"product-type-simple"},"_links":{"self":[{"href":"https:\/\/tresonsw.com\/index.php\/wp-json\/wp\/v2\/product\/706","targetHints":{"allow":["GET"]}}],"collection":[{"href":"https:\/\/tresonsw.com\/index.php\/wp-json\/wp\/v2\/product"}],"about":[{"href":"https:\/\/tresonsw.com\/index.php\/wp-json\/wp\/v2\/types\/product"}],"replies":[{"embeddable":true,"href":"https:\/\/tresonsw.com\/index.php\/wp-json\/wp\/v2\/comments?post=706"}],"wp:featuredmedia":[{"embeddable":true,"href":"https:\/\/tresonsw.com\/index.php\/wp-json\/wp\/v2\/media\/707"}],"wp:attachment":[{"href":"https:\/\/tresonsw.com\/index.php\/wp-json\/wp\/v2\/media?parent=706"}],"wp:term":[{"taxonomy":"product_brand","embeddable":true,"href":"https:\/\/tresonsw.com\/index.php\/wp-json\/wp\/v2\/product_brand?post=706"},{"taxonomy":"product_cat","embeddable":true,"href":"https:\/\/tresonsw.com\/index.php\/wp-json\/wp\/v2\/product_cat?post=706"},{"taxonomy":"product_tag","embeddable":true,"href":"https:\/\/tresonsw.com\/index.php\/wp-json\/wp\/v2\/product_tag?post=706"}],"curies":[{"name":"wp","href":"https:\/\/api.w.org\/{rel}","templated":true}]}}