{"id":704,"date":"2025-03-15T00:05:49","date_gmt":"2025-03-15T00:05:49","guid":{"rendered":"https:\/\/tresonsw.com\/?post_type=product&#038;p=704"},"modified":"2025-03-15T00:09:08","modified_gmt":"2025-03-15T00:09:08","slug":"704","status":"publish","type":"product","link":"https:\/\/tresonsw.com\/index.php\/producto\/704\/","title":{"rendered":"Macropoxy 646 SW"},"content":{"rendered":"<p>MACROPOXY 646 FAST CURE EPOXY es un ep\u00f3xico poliamida alto<br \/>\nen s\u00f3lidos, de alto espesor, de secado r\u00e1pido, dise\u00f1ado para proteger<br \/>\nel acero y el concreto en exposiciones industriales. Ideal para la<br \/>\npintura de mantenimiento y aplicaciones de talleres de fabricaci\u00f3n. El<br \/>\nalto contenido en s\u00f3lidos asegura una protecci\u00f3n adecuada de los<br \/>\nfilos, esquinas, y soldaduras. Este producto se puede aplicar<br \/>\ndirectamente a superficies de acero preparadas marginalmente<\/p>\n<p>\u2022 Bajo VOC \u2022 Resistente a los Qu\u00edmicos<br \/>\n\u2022 Bajo en olor \u2022 Resistente a la abrasi\u00f3n<br \/>\n\u2022 Adecuado para su uso en instalaciones inspeccionadas por la USDA<\/p>\n","protected":false},"excerpt":{"rendered":"<p>MACROPOXY 646 FAST CURE EPOXY es un ep\u00f3xico poliamida alto<br \/>\nen s\u00f3lidos, de alto espesor, de secado r\u00e1pido, dise\u00f1ado para proteger<br \/>\nel acero y el concreto en exposiciones industriales. Ideal para la<br \/>\npintura de mantenimiento y aplicaciones de talleres de fabricaci\u00f3n. El<br \/>\nalto contenido en s\u00f3lidos asegura una protecci\u00f3n adecuada de los<br \/>\nfilos, esquinas, y soldaduras. Este producto se puede aplicar<br \/>\ndirectamente a superficies de acero preparadas marginalmente<\/p>\n<p>\u2022 Bajo VOC \u2022 Resistente a los Qu\u00edmicos<br \/>\n\u2022 Bajo en olor \u2022 Resistente a la abrasi\u00f3n<br \/>\n\u2022 Adecuado para su uso en instalaciones inspeccionadas por la USDA<\/p>\n","protected":false},"featured_media":705,"comment_status":"open","ping_status":"closed","template":"","meta":{"saved_in_kubio":false,"_joinchat":[]},"product_brand":[],"product_cat":[80],"product_tag":[],"class_list":{"0":"post-704","1":"product","2":"type-product","3":"status-publish","4":"has-post-thumbnail","6":"product_cat-industrial","8":"first","9":"instock","10":"shipping-taxable","11":"product-type-simple"},"_links":{"self":[{"href":"https:\/\/tresonsw.com\/index.php\/wp-json\/wp\/v2\/product\/704","targetHints":{"allow":["GET"]}}],"collection":[{"href":"https:\/\/tresonsw.com\/index.php\/wp-json\/wp\/v2\/product"}],"about":[{"href":"https:\/\/tresonsw.com\/index.php\/wp-json\/wp\/v2\/types\/product"}],"replies":[{"embeddable":true,"href":"https:\/\/tresonsw.com\/index.php\/wp-json\/wp\/v2\/comments?post=704"}],"wp:featuredmedia":[{"embeddable":true,"href":"https:\/\/tresonsw.com\/index.php\/wp-json\/wp\/v2\/media\/705"}],"wp:attachment":[{"href":"https:\/\/tresonsw.com\/index.php\/wp-json\/wp\/v2\/media?parent=704"}],"wp:term":[{"taxonomy":"product_brand","embeddable":true,"href":"https:\/\/tresonsw.com\/index.php\/wp-json\/wp\/v2\/product_brand?post=704"},{"taxonomy":"product_cat","embeddable":true,"href":"https:\/\/tresonsw.com\/index.php\/wp-json\/wp\/v2\/product_cat?post=704"},{"taxonomy":"product_tag","embeddable":true,"href":"https:\/\/tresonsw.com\/index.php\/wp-json\/wp\/v2\/product_tag?post=704"}],"curies":[{"name":"wp","href":"https:\/\/api.w.org\/{rel}","templated":true}]}}