{"id":508,"date":"2024-04-26T03:57:12","date_gmt":"2024-04-26T03:57:12","guid":{"rendered":"https:\/\/tresonsw.com\/?post_type=product&#038;p=508"},"modified":"2024-05-20T00:33:48","modified_gmt":"2024-05-20T00:33:48","slug":"barniz-tinte-mar-not","status":"publish","type":"product","link":"https:\/\/tresonsw.com\/index.php\/producto\/barniz-tinte-mar-not\/","title":{"rendered":"Barniz Tinte Mar-Not"},"content":{"rendered":"<p>Barniz Alquid\u00e1lico entintado, da color sello y acabado en un solo producto ideal para muebles de madera de uso moderado al interior, como c\u00f3modas, mesitas de centro, artesan\u00edas, cortineros, etc. Dejando un acabado est\u00e9tico f\u00e1cil de aplicar.<\/p>\n<p>Presentaciones:\u00a0<span class=\"container-data\">Litro<\/span><\/p>\n<h2>Beneficios<\/h2>\n<div class=\"col-1-benefits\">\n<ul class=\"list-benefits\">\n<li><i class=\"fa fa-check\"><\/i>Sella, protege y da color al mismo tiempo<\/li>\n<li><i class=\"fa fa-check\"><\/i>Color uniforme<\/li>\n<\/ul>\n<\/div>\n","protected":false},"excerpt":{"rendered":"<p>Barniz Alquid\u00e1lico entintado, da color sello y acabado en un solo producto ideal para muebles de madera de uso moderado al interior, como c\u00f3modas, mesitas de centro, artesan\u00edas, cortineros, etc. Dejando un acabado est\u00e9tico f\u00e1cil de aplicar.<\/p>\n<p>Presentaciones:\u00a0<span class=\"container-data\">Litro<\/span><\/p>\n<h3><a href=\"https:\/\/wa.link\/r972e5\"><strong>COTIZAR PRODUCTO<\/strong><\/a><\/h3>\n","protected":false},"featured_media":499,"comment_status":"open","ping_status":"closed","template":"","meta":{"saved_in_kubio":false,"_joinchat":[]},"product_brand":[],"product_cat":[55],"product_tag":[71],"class_list":{"0":"post-508","1":"product","2":"type-product","3":"status-publish","4":"has-post-thumbnail","6":"product_cat-barniz","7":"product_tag-barniz","9":"first","10":"instock","11":"shipping-taxable","12":"product-type-simple"},"_links":{"self":[{"href":"https:\/\/tresonsw.com\/index.php\/wp-json\/wp\/v2\/product\/508","targetHints":{"allow":["GET"]}}],"collection":[{"href":"https:\/\/tresonsw.com\/index.php\/wp-json\/wp\/v2\/product"}],"about":[{"href":"https:\/\/tresonsw.com\/index.php\/wp-json\/wp\/v2\/types\/product"}],"replies":[{"embeddable":true,"href":"https:\/\/tresonsw.com\/index.php\/wp-json\/wp\/v2\/comments?post=508"}],"wp:featuredmedia":[{"embeddable":true,"href":"https:\/\/tresonsw.com\/index.php\/wp-json\/wp\/v2\/media\/499"}],"wp:attachment":[{"href":"https:\/\/tresonsw.com\/index.php\/wp-json\/wp\/v2\/media?parent=508"}],"wp:term":[{"taxonomy":"product_brand","embeddable":true,"href":"https:\/\/tresonsw.com\/index.php\/wp-json\/wp\/v2\/product_brand?post=508"},{"taxonomy":"product_cat","embeddable":true,"href":"https:\/\/tresonsw.com\/index.php\/wp-json\/wp\/v2\/product_cat?post=508"},{"taxonomy":"product_tag","embeddable":true,"href":"https:\/\/tresonsw.com\/index.php\/wp-json\/wp\/v2\/product_tag?post=508"}],"curies":[{"name":"wp","href":"https:\/\/api.w.org\/{rel}","templated":true}]}}