{"id":507,"date":"2024-04-26T03:56:36","date_gmt":"2024-04-26T03:56:36","guid":{"rendered":"https:\/\/tresonsw.com\/?post_type=product&#038;p=507"},"modified":"2024-05-20T00:34:11","modified_gmt":"2024-05-20T00:34:11","slug":"barniz-de-poliuretano-para-pisos-de-madera","status":"publish","type":"product","link":"https:\/\/tresonsw.com\/index.php\/producto\/barniz-de-poliuretano-para-pisos-de-madera\/","title":{"rendered":"Barniz de Poliuretano para pisos de madera"},"content":{"rendered":"<p>Barniz de Poliuretano de dos componentes (Relaci\u00f3n de mezcla 3 Lt de parte A por 1 Lt de parte B), de alto desempe\u00f1o para usos generales en\u00a0 todo tipo de madera incluyendo pisos, muebles, barras de cocina, comedores, puertas, etc. donde se dese\u00e9 un acabado muy brillante y de alta resistencia al rayado, adem\u00e1s de una muy buena resistencia qu\u00edmica a limpiadores comunes.<\/p>\n<p>Presentaciones:\u00a0<span class=\"container-data\">Litro, gal\u00f3n (4 Lts)<\/span><\/p>\n<h2>Beneficios<\/h2>\n<div class=\"col-1-benefits\">\n<ul class=\"list-benefits\">\n<li><i class=\"fa fa-check\"><\/i>Ideal para pisos de madera con tr\u00e1fico ligero a moderado<\/li>\n<li><i class=\"fa fa-check\"><\/i>Elevada resistencia f\u00edsica y qu\u00edmica<\/li>\n<li><i class=\"fa fa-check\"><\/i>Resistente a cambios de temperatura<\/li>\n<\/ul>\n<\/div>\n","protected":false},"excerpt":{"rendered":"<p>Barniz de Poliuretano de dos componentes (Relaci\u00f3n de mezcla 3 Lt de parte A por 1 Lt de parte B), de alto desempe\u00f1o para usos generales en\u00a0 todo tipo de madera incluyendo pisos, muebles, barras de cocina, comedores, puertas, etc. donde se dese\u00e9 un acabado muy brillante y de alta resistencia al rayado, adem\u00e1s de una muy buena resistencia qu\u00edmica a limpiadores comunes.<\/p>\n<p>Presentaciones:\u00a0<span class=\"container-data\">Litro, gal\u00f3n (4 Lts)<\/span><\/p>\n<h3><a href=\"https:\/\/wa.link\/r972e5\"><strong>COTIZAR PRODUCTO<\/strong><\/a><\/h3>\n","protected":false},"featured_media":496,"comment_status":"open","ping_status":"closed","template":"","meta":{"saved_in_kubio":false,"_joinchat":[]},"product_brand":[],"product_cat":[55],"product_tag":[71],"class_list":{"0":"post-507","1":"product","2":"type-product","3":"status-publish","4":"has-post-thumbnail","6":"product_cat-barniz","7":"product_tag-barniz","9":"first","10":"instock","11":"shipping-taxable","12":"product-type-simple"},"_links":{"self":[{"href":"https:\/\/tresonsw.com\/index.php\/wp-json\/wp\/v2\/product\/507","targetHints":{"allow":["GET"]}}],"collection":[{"href":"https:\/\/tresonsw.com\/index.php\/wp-json\/wp\/v2\/product"}],"about":[{"href":"https:\/\/tresonsw.com\/index.php\/wp-json\/wp\/v2\/types\/product"}],"replies":[{"embeddable":true,"href":"https:\/\/tresonsw.com\/index.php\/wp-json\/wp\/v2\/comments?post=507"}],"wp:featuredmedia":[{"embeddable":true,"href":"https:\/\/tresonsw.com\/index.php\/wp-json\/wp\/v2\/media\/496"}],"wp:attachment":[{"href":"https:\/\/tresonsw.com\/index.php\/wp-json\/wp\/v2\/media?parent=507"}],"wp:term":[{"taxonomy":"product_brand","embeddable":true,"href":"https:\/\/tresonsw.com\/index.php\/wp-json\/wp\/v2\/product_brand?post=507"},{"taxonomy":"product_cat","embeddable":true,"href":"https:\/\/tresonsw.com\/index.php\/wp-json\/wp\/v2\/product_cat?post=507"},{"taxonomy":"product_tag","embeddable":true,"href":"https:\/\/tresonsw.com\/index.php\/wp-json\/wp\/v2\/product_tag?post=507"}],"curies":[{"name":"wp","href":"https:\/\/api.w.org\/{rel}","templated":true}]}}