{"id":490,"date":"2024-04-26T03:49:55","date_gmt":"2024-04-26T03:49:55","guid":{"rendered":"https:\/\/tresonsw.com\/?post_type=product&#038;p=490"},"modified":"2024-05-20T00:35:54","modified_gmt":"2024-05-20T00:35:54","slug":"pintura-alquidalica-para-trafico","status":"publish","type":"product","link":"https:\/\/tresonsw.com\/index.php\/producto\/pintura-alquidalica-para-trafico\/","title":{"rendered":"Pintura Alquid\u00e1lica Para Tr\u00e1fico"},"content":{"rendered":"<p>Pintura alquid\u00e1lica para Tr\u00e1fico es una pintura desarrollada a partir de resina alquidal que proporciona una pel\u00edcula con buena resistencia a la acci\u00f3n abrasiva del tr\u00e1fico.<\/p>\n<p>BENEFICIOS:<\/p>\n<ul>\n<li>Secado r\u00e1pido<\/li>\n<li>Alta visibilidad<\/li>\n<li>Buena durabilidad<\/li>\n<li>F\u00e1cil aplicaci\u00f3n<\/li>\n<\/ul>\n","protected":false},"excerpt":{"rendered":"<p>Pintura alquid\u00e1lica para Tr\u00e1fico es una pintura desarrollada a partir de resina alquidal que proporciona una pel\u00edcula con buena resistencia a la acci\u00f3n abrasiva del tr\u00e1fico.<\/p>\n<h3><a href=\"https:\/\/wa.link\/r972e5\">COTIZAR PRODUCTO<\/a><\/h3>\n","protected":false},"featured_media":491,"comment_status":"open","ping_status":"closed","template":"","meta":{"saved_in_kubio":false,"_joinchat":[]},"product_brand":[],"product_cat":[70],"product_tag":[68],"class_list":{"0":"post-490","1":"product","2":"type-product","3":"status-publish","4":"has-post-thumbnail","6":"product_cat-trafico","7":"product_tag-pintura","9":"first","10":"instock","11":"shipping-taxable","12":"product-type-simple"},"_links":{"self":[{"href":"https:\/\/tresonsw.com\/index.php\/wp-json\/wp\/v2\/product\/490","targetHints":{"allow":["GET"]}}],"collection":[{"href":"https:\/\/tresonsw.com\/index.php\/wp-json\/wp\/v2\/product"}],"about":[{"href":"https:\/\/tresonsw.com\/index.php\/wp-json\/wp\/v2\/types\/product"}],"replies":[{"embeddable":true,"href":"https:\/\/tresonsw.com\/index.php\/wp-json\/wp\/v2\/comments?post=490"}],"wp:featuredmedia":[{"embeddable":true,"href":"https:\/\/tresonsw.com\/index.php\/wp-json\/wp\/v2\/media\/491"}],"wp:attachment":[{"href":"https:\/\/tresonsw.com\/index.php\/wp-json\/wp\/v2\/media?parent=490"}],"wp:term":[{"taxonomy":"product_brand","embeddable":true,"href":"https:\/\/tresonsw.com\/index.php\/wp-json\/wp\/v2\/product_brand?post=490"},{"taxonomy":"product_cat","embeddable":true,"href":"https:\/\/tresonsw.com\/index.php\/wp-json\/wp\/v2\/product_cat?post=490"},{"taxonomy":"product_tag","embeddable":true,"href":"https:\/\/tresonsw.com\/index.php\/wp-json\/wp\/v2\/product_tag?post=490"}],"curies":[{"name":"wp","href":"https:\/\/api.w.org\/{rel}","templated":true}]}}