{"id":488,"date":"2024-04-26T03:48:26","date_gmt":"2024-04-26T03:48:26","guid":{"rendered":"https:\/\/tresonsw.com\/?post_type=product&#038;p=488"},"modified":"2024-05-20T00:36:09","modified_gmt":"2024-05-20T00:36:09","slug":"pintura-para-trafico-de-hule-clorado","status":"publish","type":"product","link":"https:\/\/tresonsw.com\/index.php\/producto\/pintura-para-trafico-de-hule-clorado\/","title":{"rendered":"Pintura Para Tr\u00e1fico de Hule Clorado"},"content":{"rendered":"<p>Pintura para Tr\u00e1fico de Hule Clorado es una pintura desarrollada de resinas alquid\u00e1licas y hule clorado exenta de brea, que proporciona un acabado con gran adherencia al asfalto y al concreto.<\/p>\n<p>BENEFICIOS:<\/p>\n<ul>\n<li>Gran resistencia a la acci\u00f3n abrasiva del tr\u00e1fico.<\/li>\n<li>Secado r\u00e1pido<\/li>\n<li>Alta visibilidad<\/li>\n<li>Larga Duraci\u00f3n<\/li>\n<li>F\u00e1cil aplicaci\u00f3n<\/li>\n<li>Alta resistencia a los cambios de temperatura<\/li>\n<\/ul>\n","protected":false},"excerpt":{"rendered":"<p>Pintura para Tr\u00e1fico de Hule Clorado es una pintura desarrollada de resinas alquid\u00e1licas y hule clorado exenta de brea, que proporciona un acabado con gran adherencia al asfalto y al concreto.<\/p>\n<h3><a href=\"https:\/\/wa.link\/r972e5\">COTIZAR PRODUCTO<\/a><\/h3>\n","protected":false},"featured_media":489,"comment_status":"open","ping_status":"closed","template":"","meta":{"saved_in_kubio":false,"_joinchat":[]},"product_brand":[],"product_cat":[70],"product_tag":[68],"class_list":{"0":"post-488","1":"product","2":"type-product","3":"status-publish","4":"has-post-thumbnail","6":"product_cat-trafico","7":"product_tag-pintura","9":"first","10":"instock","11":"shipping-taxable","12":"product-type-simple"},"_links":{"self":[{"href":"https:\/\/tresonsw.com\/index.php\/wp-json\/wp\/v2\/product\/488","targetHints":{"allow":["GET"]}}],"collection":[{"href":"https:\/\/tresonsw.com\/index.php\/wp-json\/wp\/v2\/product"}],"about":[{"href":"https:\/\/tresonsw.com\/index.php\/wp-json\/wp\/v2\/types\/product"}],"replies":[{"embeddable":true,"href":"https:\/\/tresonsw.com\/index.php\/wp-json\/wp\/v2\/comments?post=488"}],"wp:featuredmedia":[{"embeddable":true,"href":"https:\/\/tresonsw.com\/index.php\/wp-json\/wp\/v2\/media\/489"}],"wp:attachment":[{"href":"https:\/\/tresonsw.com\/index.php\/wp-json\/wp\/v2\/media?parent=488"}],"wp:term":[{"taxonomy":"product_brand","embeddable":true,"href":"https:\/\/tresonsw.com\/index.php\/wp-json\/wp\/v2\/product_brand?post=488"},{"taxonomy":"product_cat","embeddable":true,"href":"https:\/\/tresonsw.com\/index.php\/wp-json\/wp\/v2\/product_cat?post=488"},{"taxonomy":"product_tag","embeddable":true,"href":"https:\/\/tresonsw.com\/index.php\/wp-json\/wp\/v2\/product_tag?post=488"}],"curies":[{"name":"wp","href":"https:\/\/api.w.org\/{rel}","templated":true}]}}