{"id":486,"date":"2024-04-26T03:45:58","date_gmt":"2024-04-26T03:45:58","guid":{"rendered":"https:\/\/tresonsw.com\/?post_type=product&#038;p=486"},"modified":"2024-05-20T00:36:41","modified_gmt":"2024-05-20T00:36:41","slug":"pintura-acrilica-base-agua-para-trafico","status":"publish","type":"product","link":"https:\/\/tresonsw.com\/index.php\/producto\/pintura-acrilica-base-agua-para-trafico\/","title":{"rendered":"Pintura Acr\u00edlica Base Agua para Tr\u00e1fico"},"content":{"rendered":"<p>Zona de Tr\u00e1fico es una pintura emulsionada acr\u00edlica, reducible con agua, que posee buenas caracter\u00edsticas de secado y resistencia a condiciones ambientales presentes en carreteras, calles, ejes.<\/p>\n<p>BENEFICIOS:<\/p>\n<ul>\n<li>Buena resistencia al tr\u00e1fico moderado e intenso.<\/li>\n<li>Secado r\u00e1pido.<\/li>\n<li>Alta Visibilidad.<\/li>\n<li>F\u00e1cil aplicaci\u00f3n<\/li>\n<li>Libre de plomo y metales pesados.<\/li>\n<li>Bajo VOC.<\/li>\n<\/ul>\n<p>&nbsp;<\/p>\n","protected":false},"excerpt":{"rendered":"<p>Zona de Tr\u00e1fico es una pintura emulsionada acr\u00edlica, reducible con agua, que posee buenas caracter\u00edsticas de secado y resistencia a condiciones ambientales presentes en carreteras, calles, ejes.<\/p>\n<h3><a href=\"https:\/\/wa.link\/r972e5\">COTIZAR PRODUCTO<\/a><\/h3>\n","protected":false},"featured_media":487,"comment_status":"open","ping_status":"closed","template":"","meta":{"saved_in_kubio":false,"_joinchat":[]},"product_brand":[],"product_cat":[70],"product_tag":[24],"class_list":{"0":"post-486","1":"product","2":"type-product","3":"status-publish","4":"has-post-thumbnail","6":"product_cat-trafico","7":"product_tag-pintura-acrilica","9":"first","10":"instock","11":"shipping-taxable","12":"product-type-simple"},"_links":{"self":[{"href":"https:\/\/tresonsw.com\/index.php\/wp-json\/wp\/v2\/product\/486","targetHints":{"allow":["GET"]}}],"collection":[{"href":"https:\/\/tresonsw.com\/index.php\/wp-json\/wp\/v2\/product"}],"about":[{"href":"https:\/\/tresonsw.com\/index.php\/wp-json\/wp\/v2\/types\/product"}],"replies":[{"embeddable":true,"href":"https:\/\/tresonsw.com\/index.php\/wp-json\/wp\/v2\/comments?post=486"}],"wp:featuredmedia":[{"embeddable":true,"href":"https:\/\/tresonsw.com\/index.php\/wp-json\/wp\/v2\/media\/487"}],"wp:attachment":[{"href":"https:\/\/tresonsw.com\/index.php\/wp-json\/wp\/v2\/media?parent=486"}],"wp:term":[{"taxonomy":"product_brand","embeddable":true,"href":"https:\/\/tresonsw.com\/index.php\/wp-json\/wp\/v2\/product_brand?post=486"},{"taxonomy":"product_cat","embeddable":true,"href":"https:\/\/tresonsw.com\/index.php\/wp-json\/wp\/v2\/product_cat?post=486"},{"taxonomy":"product_tag","embeddable":true,"href":"https:\/\/tresonsw.com\/index.php\/wp-json\/wp\/v2\/product_tag?post=486"}],"curies":[{"name":"wp","href":"https:\/\/api.w.org\/{rel}","templated":true}]}}