{"id":484,"date":"2024-04-26T03:32:15","date_gmt":"2024-04-26T03:32:15","guid":{"rendered":"https:\/\/tresonsw.com\/?post_type=product&#038;p=484"},"modified":"2024-05-20T00:37:03","modified_gmt":"2024-05-20T00:37:03","slug":"aditivo-mateante","status":"publish","type":"product","link":"https:\/\/tresonsw.com\/index.php\/producto\/aditivo-mateante\/","title":{"rendered":"ADITIVO MATEANTE"},"content":{"rendered":"<p>Aditivo Mateante Es un producto que te permite modificar el acabado de un producto final de base disolvente; esto quiere decir que podr\u00e1s modificar un acabado brillante y convertirlo en acabado mate.<br \/>\n\u00danicamente es compatible con productos base disolvente mencionados en \u00e9sta Ficha T\u00e9cnica de Sherwin-Williams SA de CV.<\/p>\n<p>BENEFICIOS:<\/p>\n<ul>\n<li>F\u00e1cil incorporaci\u00f3n.<\/li>\n<li>Se puede escoger el rango del brillo: Semi-brillante, Satinado, Semi-mate o mate. Depender\u00e1 del porcentaje.<\/li>\n<li>Libre de plomo y metales pesados.<\/li>\n<\/ul>\n","protected":false},"excerpt":{"rendered":"<p>Aditivo Mateante Es un producto que te permite modificar el acabado de un producto final de base disolvente; esto quiere decir que podr\u00e1s modificar un acabado brillante y convertirlo en acabado mate.<br \/>\n\u00danicamente es compatible con productos base disolvente mencionados en \u00e9sta Ficha T\u00e9cnica de Sherwin-Williams SA de CV.<\/p>\n<h3><a href=\"https:\/\/wa.link\/r972e5\">COTIZAR PRODUCTO<\/a><\/h3>\n","protected":false},"featured_media":485,"comment_status":"open","ping_status":"closed","template":"","meta":{"saved_in_kubio":false,"_joinchat":[]},"product_brand":[],"product_cat":[66],"product_tag":[69],"class_list":{"0":"post-484","1":"product","2":"type-product","3":"status-publish","4":"has-post-thumbnail","6":"product_cat-especialidades","7":"product_tag-aditivo","9":"first","10":"instock","11":"shipping-taxable","12":"product-type-simple"},"_links":{"self":[{"href":"https:\/\/tresonsw.com\/index.php\/wp-json\/wp\/v2\/product\/484","targetHints":{"allow":["GET"]}}],"collection":[{"href":"https:\/\/tresonsw.com\/index.php\/wp-json\/wp\/v2\/product"}],"about":[{"href":"https:\/\/tresonsw.com\/index.php\/wp-json\/wp\/v2\/types\/product"}],"replies":[{"embeddable":true,"href":"https:\/\/tresonsw.com\/index.php\/wp-json\/wp\/v2\/comments?post=484"}],"wp:featuredmedia":[{"embeddable":true,"href":"https:\/\/tresonsw.com\/index.php\/wp-json\/wp\/v2\/media\/485"}],"wp:attachment":[{"href":"https:\/\/tresonsw.com\/index.php\/wp-json\/wp\/v2\/media?parent=484"}],"wp:term":[{"taxonomy":"product_brand","embeddable":true,"href":"https:\/\/tresonsw.com\/index.php\/wp-json\/wp\/v2\/product_brand?post=484"},{"taxonomy":"product_cat","embeddable":true,"href":"https:\/\/tresonsw.com\/index.php\/wp-json\/wp\/v2\/product_cat?post=484"},{"taxonomy":"product_tag","embeddable":true,"href":"https:\/\/tresonsw.com\/index.php\/wp-json\/wp\/v2\/product_tag?post=484"}],"curies":[{"name":"wp","href":"https:\/\/api.w.org\/{rel}","templated":true}]}}