{"id":480,"date":"2024-04-26T03:24:18","date_gmt":"2024-04-26T03:24:18","guid":{"rendered":"https:\/\/tresonsw.com\/?post_type=product&#038;p=480"},"modified":"2024-05-20T00:37:26","modified_gmt":"2024-05-20T00:37:26","slug":"primario-vinil-epoxico-para-lamina-galvanizada","status":"publish","type":"product","link":"https:\/\/tresonsw.com\/index.php\/producto\/primario-vinil-epoxico-para-lamina-galvanizada\/","title":{"rendered":"Primario Vinil-Ep\u00f3xico para L\u00e1mina Galvanizada"},"content":{"rendered":"<p>Primario para L\u00e1mina Galvanizada es un primario vinil-ep\u00f3xico de secado extra r\u00e1pido que permite la adherencia del acabado final sobre aluminio, l\u00e1mina galvanizada o fibra de vidrio.<br \/>\nEst\u00e1 dise\u00f1ado para el uso en nueva construcci\u00f3n o mantenimiento y se puede utilizar directamente sobre sustratos preparados.<\/p>\n<p>BENEFICIOS:<\/p>\n<ul>\n<li>Secado extra r\u00e1pido<\/li>\n<li>F\u00e1cil de aplicar<\/li>\n<li>Excelente nivelamiento aun<br \/>\naplicado con brocha<\/li>\n<li>Excelente cubrimiento<\/li>\n<li>Puede emplearse con una amplia gama de acabados<\/li>\n<\/ul>\n","protected":false},"excerpt":{"rendered":"<p>Primario para L\u00e1mina Galvanizada es un primario vinil-ep\u00f3xico de secado extra r\u00e1pido que permite la adherencia del acabado final sobre aluminio, l\u00e1mina galvanizada o fibra de vidrio.<br \/>\nEst\u00e1 dise\u00f1ado para el uso en nueva construcci\u00f3n o mantenimiento y se puede utilizar directamente sobre sustratos preparados.<\/p>\n<h3><a href=\"https:\/\/wa.link\/r972e5\">COTIZAR PRODUCTO<\/a><\/h3>\n","protected":false},"featured_media":481,"comment_status":"open","ping_status":"closed","template":"","meta":{"saved_in_kubio":false,"_joinchat":[]},"product_brand":[],"product_cat":[42],"product_tag":[65],"class_list":{"0":"post-480","1":"product","2":"type-product","3":"status-publish","4":"has-post-thumbnail","6":"product_cat-primer","7":"product_tag-primario","9":"first","10":"instock","11":"shipping-taxable","12":"product-type-simple"},"_links":{"self":[{"href":"https:\/\/tresonsw.com\/index.php\/wp-json\/wp\/v2\/product\/480","targetHints":{"allow":["GET"]}}],"collection":[{"href":"https:\/\/tresonsw.com\/index.php\/wp-json\/wp\/v2\/product"}],"about":[{"href":"https:\/\/tresonsw.com\/index.php\/wp-json\/wp\/v2\/types\/product"}],"replies":[{"embeddable":true,"href":"https:\/\/tresonsw.com\/index.php\/wp-json\/wp\/v2\/comments?post=480"}],"wp:featuredmedia":[{"embeddable":true,"href":"https:\/\/tresonsw.com\/index.php\/wp-json\/wp\/v2\/media\/481"}],"wp:attachment":[{"href":"https:\/\/tresonsw.com\/index.php\/wp-json\/wp\/v2\/media?parent=480"}],"wp:term":[{"taxonomy":"product_brand","embeddable":true,"href":"https:\/\/tresonsw.com\/index.php\/wp-json\/wp\/v2\/product_brand?post=480"},{"taxonomy":"product_cat","embeddable":true,"href":"https:\/\/tresonsw.com\/index.php\/wp-json\/wp\/v2\/product_cat?post=480"},{"taxonomy":"product_tag","embeddable":true,"href":"https:\/\/tresonsw.com\/index.php\/wp-json\/wp\/v2\/product_tag?post=480"}],"curies":[{"name":"wp","href":"https:\/\/api.w.org\/{rel}","templated":true}]}}