{"id":476,"date":"2024-04-26T01:00:59","date_gmt":"2024-04-26T01:00:59","guid":{"rendered":"https:\/\/tresonsw.com\/?post_type=product&#038;p=476"},"modified":"2024-05-20T00:37:43","modified_gmt":"2024-05-20T00:37:43","slug":"techolastic-cemento-plastico","status":"publish","type":"product","link":"https:\/\/tresonsw.com\/index.php\/producto\/techolastic-cemento-plastico\/","title":{"rendered":"Techolastic Cemento Pl\u00e1stico"},"content":{"rendered":"<p>Techolastic Cemento Pl\u00e1stico es una pasta formulada a base de emulsiones acr\u00edlicas y fibras de la m\u00e1s alta calidad dise\u00f1ada para reparar peque\u00f1as grietas y fisuras en muros, losas y techos de concreto.<\/p>\n<p>BENEFICIOS:<\/p>\n<ul>\n<li>\u00a0Gran adherencia<\/li>\n<li>Forma una pel\u00edcula el\u00e1stica<br \/>\nimpermeable y flexible.<\/li>\n<li>Soporta los movimientos normales<br \/>\nde edificios y estructuras.<\/li>\n<li>Evita la infiltraci\u00f3n del agua o<br \/>\nhumedad.<\/li>\n<li>Compatible con sistemas<br \/>\nimpermeables acr\u00edlicos.<\/li>\n<li>Viene listo para su aplicaci\u00f3n.<\/li>\n<li>F\u00e1cil aplicaci\u00f3n.<\/li>\n<\/ul>\n","protected":false},"excerpt":{"rendered":"<p>Techolastic Cemento Pl\u00e1stico es una pasta formulada a base de emulsiones acr\u00edlicas y fibras de la m\u00e1s alta calidad dise\u00f1ada para reparar peque\u00f1as grietas y fisuras en muros, losas y techos de concreto.<\/p>\n<h3><a href=\"https:\/\/wa.link\/r972e5\">COTIZAR PRODUCTO<\/a><\/h3>\n<p>&nbsp;<\/p>\n","protected":false},"featured_media":478,"comment_status":"open","ping_status":"closed","template":"","meta":{"saved_in_kubio":false,"_joinchat":[]},"product_brand":[],"product_cat":[31],"product_tag":[64],"class_list":{"0":"post-476","1":"product","2":"type-product","3":"status-publish","4":"has-post-thumbnail","6":"product_cat-impermeabilizante","7":"product_tag-impermeabilizante","9":"first","10":"instock","11":"shipping-taxable","12":"product-type-simple"},"_links":{"self":[{"href":"https:\/\/tresonsw.com\/index.php\/wp-json\/wp\/v2\/product\/476","targetHints":{"allow":["GET"]}}],"collection":[{"href":"https:\/\/tresonsw.com\/index.php\/wp-json\/wp\/v2\/product"}],"about":[{"href":"https:\/\/tresonsw.com\/index.php\/wp-json\/wp\/v2\/types\/product"}],"replies":[{"embeddable":true,"href":"https:\/\/tresonsw.com\/index.php\/wp-json\/wp\/v2\/comments?post=476"}],"wp:featuredmedia":[{"embeddable":true,"href":"https:\/\/tresonsw.com\/index.php\/wp-json\/wp\/v2\/media\/478"}],"wp:attachment":[{"href":"https:\/\/tresonsw.com\/index.php\/wp-json\/wp\/v2\/media?parent=476"}],"wp:term":[{"taxonomy":"product_brand","embeddable":true,"href":"https:\/\/tresonsw.com\/index.php\/wp-json\/wp\/v2\/product_brand?post=476"},{"taxonomy":"product_cat","embeddable":true,"href":"https:\/\/tresonsw.com\/index.php\/wp-json\/wp\/v2\/product_cat?post=476"},{"taxonomy":"product_tag","embeddable":true,"href":"https:\/\/tresonsw.com\/index.php\/wp-json\/wp\/v2\/product_tag?post=476"}],"curies":[{"name":"wp","href":"https:\/\/api.w.org\/{rel}","templated":true}]}}