{"id":251,"date":"2024-03-24T23:57:45","date_gmt":"2024-03-24T23:57:45","guid":{"rendered":"https:\/\/tresonsw.com\/?post_type=product&#038;p=251"},"modified":"2025-11-09T13:47:40","modified_gmt":"2025-11-09T13:47:40","slug":"brocha-camelus","status":"publish","type":"product","link":"https:\/\/tresonsw.com\/index.php\/producto\/brocha-camelus\/","title":{"rendered":"Brocha Camelus"},"content":{"rendered":"<p>Brocha de pelo extra fino, ideal para la aplicaci\u00f3n de tintes y barnices. Para artesan\u00edas o limpieza de equipo electr\u00f3nico.<\/p>\n<p>Presentaciones:\u00a0<span class=\"container-data\">Pieza<\/span><\/p>\n<p>BENEFICIOS:<\/p>\n<ul class=\"list-benefits\">\n<li>Brocha ideal para la aplicaci\u00f3n de tintes y barnices.<\/li>\n<li><i class=\"fa fa-check\"><\/i>Mayor resistencia para trabajos de carpinteria.<\/li>\n<li><i class=\"fa fa-check\"><\/i>Para limpieza de equipo electr\u00f3nico.<\/li>\n<\/ul>\n","protected":false},"excerpt":{"rendered":"<p>Brocha de pelo extra fino, ideal para la aplicaci\u00f3n de tintes y barnices. Para artesan\u00edas o limpieza de equipo electr\u00f3nico.<\/p>\n<p>Presentaciones:\u00a0<span class=\"container-data\">Pieza<\/span><\/p>\n<h3><a href=\"https:\/\/wa.link\/r972e5\">COTIZAR PRODUCTO<\/a><\/h3>\n","protected":false},"featured_media":252,"comment_status":"open","ping_status":"closed","template":"","meta":{"saved_in_kubio":false,"_joinchat":[]},"product_brand":[],"product_cat":[58],"product_tag":[63],"class_list":{"0":"post-251","1":"product","2":"type-product","3":"status-publish","4":"has-post-thumbnail","6":"product_cat-complemento","7":"product_tag-brocha","9":"first","10":"instock","11":"shipping-taxable","12":"product-type-simple"},"_links":{"self":[{"href":"https:\/\/tresonsw.com\/index.php\/wp-json\/wp\/v2\/product\/251","targetHints":{"allow":["GET"]}}],"collection":[{"href":"https:\/\/tresonsw.com\/index.php\/wp-json\/wp\/v2\/product"}],"about":[{"href":"https:\/\/tresonsw.com\/index.php\/wp-json\/wp\/v2\/types\/product"}],"replies":[{"embeddable":true,"href":"https:\/\/tresonsw.com\/index.php\/wp-json\/wp\/v2\/comments?post=251"}],"wp:featuredmedia":[{"embeddable":true,"href":"https:\/\/tresonsw.com\/index.php\/wp-json\/wp\/v2\/media\/252"}],"wp:attachment":[{"href":"https:\/\/tresonsw.com\/index.php\/wp-json\/wp\/v2\/media?parent=251"}],"wp:term":[{"taxonomy":"product_brand","embeddable":true,"href":"https:\/\/tresonsw.com\/index.php\/wp-json\/wp\/v2\/product_brand?post=251"},{"taxonomy":"product_cat","embeddable":true,"href":"https:\/\/tresonsw.com\/index.php\/wp-json\/wp\/v2\/product_cat?post=251"},{"taxonomy":"product_tag","embeddable":true,"href":"https:\/\/tresonsw.com\/index.php\/wp-json\/wp\/v2\/product_tag?post=251"}],"curies":[{"name":"wp","href":"https:\/\/api.w.org\/{rel}","templated":true}]}}