{"id":209,"date":"2024-03-24T23:38:29","date_gmt":"2024-03-24T23:38:29","guid":{"rendered":"https:\/\/tresonsw.com\/?post_type=product&#038;p=209"},"modified":"2024-05-20T00:43:09","modified_gmt":"2024-05-20T00:43:09","slug":"tinta-al-alcohol","status":"publish","type":"product","link":"https:\/\/tresonsw.com\/index.php\/producto\/tinta-al-alcohol\/","title":{"rendered":"Tinta al Alcohol"},"content":{"rendered":"<p>Son tintas concentradas al alcohol de secado r\u00e1pido y gran penetraci\u00f3n, las cuales proporcionan a las superficies de madera bellos colores adem\u00e1s de destacar la veta de la madera. Las tintas al alcohol se aplican sobre cualquier tipo de superficie de madera al desnudo expuesta en interiores. Su formulaci\u00f3n es libre de metanol y compuestos derivados de plomo.<\/p>\n<p>Presentaciones:\u00a0<span class=\"container-data\">Litro<\/span><\/p>\n<p>BENEFICIOS:<\/p>\n<ul class=\"list-benefits\">\n<li>Secado r\u00e1pido.<\/li>\n<li><i class=\"fa fa-check\"><\/i>Gran penetraci\u00f3n en la madera.<\/li>\n<li><i class=\"fa fa-check\"><\/i>Resalta la veta de la madera.<\/li>\n<li><i class=\"fa fa-check\"><\/i>Libre de metano.<\/li>\n<\/ul>\n","protected":false},"excerpt":{"rendered":"<p>Son tintas concentradas al alcohol de secado r\u00e1pido y gran penetraci\u00f3n, las cuales proporcionan a las superficies de madera bellos colores adem\u00e1s de destacar la veta de la madera. Las tintas al alcohol se aplican sobre cualquier tipo de superficie de madera al desnudo expuesta en interiores. Su formulaci\u00f3n es libre de metanol y compuestos derivados de plomo.<\/p>\n<p>Presentaciones:\u00a0<span class=\"container-data\">Litro<\/span><\/p>\n<h3><a href=\"https:\/\/wa.link\/r972e5\">COTIZAR PRODUCTO<\/a><\/h3>\n","protected":false},"featured_media":210,"comment_status":"open","ping_status":"closed","template":"","meta":{"saved_in_kubio":false,"_joinchat":[]},"product_brand":[],"product_cat":[52],"product_tag":[53],"class_list":{"0":"post-209","1":"product","2":"type-product","3":"status-publish","4":"has-post-thumbnail","6":"product_cat-tintas","7":"product_tag-tinta-al-alcohol","9":"first","10":"instock","11":"shipping-taxable","12":"product-type-simple"},"_links":{"self":[{"href":"https:\/\/tresonsw.com\/index.php\/wp-json\/wp\/v2\/product\/209","targetHints":{"allow":["GET"]}}],"collection":[{"href":"https:\/\/tresonsw.com\/index.php\/wp-json\/wp\/v2\/product"}],"about":[{"href":"https:\/\/tresonsw.com\/index.php\/wp-json\/wp\/v2\/types\/product"}],"replies":[{"embeddable":true,"href":"https:\/\/tresonsw.com\/index.php\/wp-json\/wp\/v2\/comments?post=209"}],"wp:featuredmedia":[{"embeddable":true,"href":"https:\/\/tresonsw.com\/index.php\/wp-json\/wp\/v2\/media\/210"}],"wp:attachment":[{"href":"https:\/\/tresonsw.com\/index.php\/wp-json\/wp\/v2\/media?parent=209"}],"wp:term":[{"taxonomy":"product_brand","embeddable":true,"href":"https:\/\/tresonsw.com\/index.php\/wp-json\/wp\/v2\/product_brand?post=209"},{"taxonomy":"product_cat","embeddable":true,"href":"https:\/\/tresonsw.com\/index.php\/wp-json\/wp\/v2\/product_cat?post=209"},{"taxonomy":"product_tag","embeddable":true,"href":"https:\/\/tresonsw.com\/index.php\/wp-json\/wp\/v2\/product_tag?post=209"}],"curies":[{"name":"wp","href":"https:\/\/api.w.org\/{rel}","templated":true}]}}