{"id":205,"date":"2024-03-24T23:36:40","date_gmt":"2024-03-24T23:36:40","guid":{"rendered":"https:\/\/tresonsw.com\/?post_type=product&#038;p=205"},"modified":"2024-05-20T00:43:26","modified_gmt":"2024-05-20T00:43:26","slug":"sherbond-yeso","status":"publish","type":"product","link":"https:\/\/tresonsw.com\/index.php\/producto\/sherbond-yeso\/","title":{"rendered":"Sherbond Yeso"},"content":{"rendered":"<p>Es un adhesivo para yeso, que est\u00e1 formulado a base de resina acr\u00edlica. La funci\u00f3n principal es mejorar la adherencia del yeso a columnas, muros y losas de concreto.<\/p>\n<p>Presentaciones:\u00a0<span class=\"container-data\">Gal\u00f3n (4 Lts) y cubeta (19 Lts)<\/span><\/p>\n<p>BENEFICIOS:<\/p>\n<ul class=\"list-benefits\">\n<li>Mejora la adherencia del yeso a columnas, muros y losas de concreto.<\/li>\n<li><i class=\"fa fa-check\"><\/i>F\u00e1cil de aplicar.<\/li>\n<li><i class=\"fa fa-check\"><\/i>Funciona como sellador.<\/li>\n<\/ul>\n","protected":false},"excerpt":{"rendered":"<p>Es un adhesivo para yeso, que est\u00e1 formulado a base de resina acr\u00edlica. La funci\u00f3n principal es mejorar la adherencia del yeso a columnas, muros y losas de concreto.<\/p>\n<p>Presentaciones:\u00a0<span class=\"container-data\">Gal\u00f3n (4 Lts) y cubeta (19 Lts)<\/span><\/p>\n<h3><a href=\"https:\/\/wa.link\/r972e5\">COTIZAR PRODUCTO<\/a><\/h3>\n","protected":false},"featured_media":206,"comment_status":"open","ping_status":"closed","template":"","meta":{"saved_in_kubio":false,"_joinchat":[]},"product_brand":[],"product_cat":[49],"product_tag":[50],"class_list":{"0":"post-205","1":"product","2":"type-product","3":"status-publish","4":"has-post-thumbnail","6":"product_cat-adhesivo","7":"product_tag-adhesivo-para-yeso","9":"first","10":"instock","11":"shipping-taxable","12":"product-type-simple"},"_links":{"self":[{"href":"https:\/\/tresonsw.com\/index.php\/wp-json\/wp\/v2\/product\/205","targetHints":{"allow":["GET"]}}],"collection":[{"href":"https:\/\/tresonsw.com\/index.php\/wp-json\/wp\/v2\/product"}],"about":[{"href":"https:\/\/tresonsw.com\/index.php\/wp-json\/wp\/v2\/types\/product"}],"replies":[{"embeddable":true,"href":"https:\/\/tresonsw.com\/index.php\/wp-json\/wp\/v2\/comments?post=205"}],"wp:featuredmedia":[{"embeddable":true,"href":"https:\/\/tresonsw.com\/index.php\/wp-json\/wp\/v2\/media\/206"}],"wp:attachment":[{"href":"https:\/\/tresonsw.com\/index.php\/wp-json\/wp\/v2\/media?parent=205"}],"wp:term":[{"taxonomy":"product_brand","embeddable":true,"href":"https:\/\/tresonsw.com\/index.php\/wp-json\/wp\/v2\/product_brand?post=205"},{"taxonomy":"product_cat","embeddable":true,"href":"https:\/\/tresonsw.com\/index.php\/wp-json\/wp\/v2\/product_cat?post=205"},{"taxonomy":"product_tag","embeddable":true,"href":"https:\/\/tresonsw.com\/index.php\/wp-json\/wp\/v2\/product_tag?post=205"}],"curies":[{"name":"wp","href":"https:\/\/api.w.org\/{rel}","templated":true}]}}