{"id":203,"date":"2024-03-24T23:35:41","date_gmt":"2024-03-24T23:35:41","guid":{"rendered":"https:\/\/tresonsw.com\/?post_type=product&#038;p=203"},"modified":"2024-05-20T00:43:34","modified_gmt":"2024-05-20T00:43:34","slug":"precatalizado-epoxico-base-agua-semibrillante","status":"publish","type":"product","link":"https:\/\/tresonsw.com\/index.php\/producto\/precatalizado-epoxico-base-agua-semibrillante\/","title":{"rendered":"Precatalizado Ep\u00f3xico Base Agua Semibrillante"},"content":{"rendered":"<p>Es un recubrimiento ep\u00f3xico acr\u00edlico base de agua, de un solo componente pre-catalizado, que ofrece la misma adherencia que un sistema ep\u00f3xico acr\u00edlico de dos componentes, es decir, la misma adherencia, durabilidad y resistencia a las manchas y a la mayor\u00eda de los disolventes de limpieza. Este producto es bajo en VOC, tiene un olor muy suave, y puede ser aplicado sobre una amplia variedad de primarios sobre sustratos de metal, madera, mamposter\u00eda, yeso y tableros de yeso.<\/p>\n<p>Presentaciones:\u00a0<span class=\"container-data\">Gal\u00f3n (4 Lts) y cubeta (19 Lts)<\/span><\/p>\n<p>BENEFICIOS:<\/p>\n<ul class=\"list-benefits\">\n<li>Recubrimiento ep\u00f3xico base agua.<\/li>\n<li><i class=\"fa fa-check\"><\/i>Un solo componente.<\/li>\n<li><i class=\"fa fa-check\"><\/i>Amplia gama de colores.<\/li>\n<li><i class=\"fa fa-check\"><\/i>Excelente resistencia a manchas y l\u00edquidos de limpieza.<\/li>\n<li><i class=\"fa fa-check\"><\/i>Bajo olor.<\/li>\n<li><i class=\"fa fa-check\"><\/i>Semi brillante.<\/li>\n<\/ul>\n","protected":false},"excerpt":{"rendered":"<p>Es un recubrimiento ep\u00f3xico acr\u00edlico base de agua, de un solo componente pre-catalizado, que ofrece la misma adherencia que un sistema ep\u00f3xico acr\u00edlico de dos componentes, es decir, la misma adherencia, durabilidad y resistencia a las manchas y a la mayor\u00eda de los disolventes de limpieza. Este producto es bajo en VOC, tiene un olor muy suave, y puede ser aplicado sobre una amplia variedad de primarios sobre sustratos de metal, madera, mamposter\u00eda, yeso y tableros de yeso.<\/p>\n<p>Presentaciones:\u00a0<span class=\"container-data\">Gal\u00f3n (4 Lts) y cubeta (19 Lts)<\/span><\/p>\n<h3><a href=\"https:\/\/wa.link\/r972e5\">COTIZAR PRODUCTO<\/a><\/h3>\n","protected":false},"featured_media":204,"comment_status":"open","ping_status":"closed","template":"","meta":{"saved_in_kubio":false,"_joinchat":[]},"product_brand":[],"product_cat":[28],"product_tag":[48],"class_list":{"0":"post-203","1":"product","2":"type-product","3":"status-publish","4":"has-post-thumbnail","6":"product_cat-recubrimiento","7":"product_tag-recubrimiento-epoxico-acrilico","9":"first","10":"instock","11":"shipping-taxable","12":"product-type-simple"},"_links":{"self":[{"href":"https:\/\/tresonsw.com\/index.php\/wp-json\/wp\/v2\/product\/203","targetHints":{"allow":["GET"]}}],"collection":[{"href":"https:\/\/tresonsw.com\/index.php\/wp-json\/wp\/v2\/product"}],"about":[{"href":"https:\/\/tresonsw.com\/index.php\/wp-json\/wp\/v2\/types\/product"}],"replies":[{"embeddable":true,"href":"https:\/\/tresonsw.com\/index.php\/wp-json\/wp\/v2\/comments?post=203"}],"wp:featuredmedia":[{"embeddable":true,"href":"https:\/\/tresonsw.com\/index.php\/wp-json\/wp\/v2\/media\/204"}],"wp:attachment":[{"href":"https:\/\/tresonsw.com\/index.php\/wp-json\/wp\/v2\/media?parent=203"}],"wp:term":[{"taxonomy":"product_brand","embeddable":true,"href":"https:\/\/tresonsw.com\/index.php\/wp-json\/wp\/v2\/product_brand?post=203"},{"taxonomy":"product_cat","embeddable":true,"href":"https:\/\/tresonsw.com\/index.php\/wp-json\/wp\/v2\/product_cat?post=203"},{"taxonomy":"product_tag","embeddable":true,"href":"https:\/\/tresonsw.com\/index.php\/wp-json\/wp\/v2\/product_tag?post=203"}],"curies":[{"name":"wp","href":"https:\/\/api.w.org\/{rel}","templated":true}]}}