{"id":201,"date":"2024-03-24T23:34:31","date_gmt":"2024-03-24T23:34:31","guid":{"rendered":"https:\/\/tresonsw.com\/?post_type=product&#038;p=201"},"modified":"2024-05-20T00:43:43","modified_gmt":"2024-05-20T00:43:43","slug":"acrilico-multisuperficie-brillante","status":"publish","type":"product","link":"https:\/\/tresonsw.com\/index.php\/producto\/acrilico-multisuperficie-brillante\/","title":{"rendered":"Acr\u00edlico Multisuperficie Brillante"},"content":{"rendered":"<p>Es un recubrimiento acr\u00edlico base agua, resistente a la corrosi\u00f3n dise\u00f1ado para el uso en nueva construcci\u00f3n o mantenimiento y se puede utilizar directamente sobre sustratos preparados.<\/p>\n<p>Presentaciones:\u00a0<span class=\"container-data\">Gal\u00f3n (4 Lts)<\/span><\/p>\n<p>BENEFICIOS:<\/p>\n<ul class=\"list-benefits\">\n<li>Auto imprimante.<\/li>\n<li><i class=\"fa fa-check\"><\/i>Excelente adherencia sobre diversidad de sustratos.<\/li>\n<li><i class=\"fa fa-check\"><\/i>Excelente cubrimiento.<\/li>\n<li><i class=\"fa fa-check\"><\/i>Buena retenci\u00f3n de brillo y color en el exterior.<\/li>\n<li><i class=\"fa fa-check\"><\/i>Funciona como Dry Fall (ca\u00edda en seco).<\/li>\n<li><i class=\"fa fa-check\"><\/i>Acabado brillante.<\/li>\n<\/ul>\n","protected":false},"excerpt":{"rendered":"<p>Es un recubrimiento acr\u00edlico base agua, resistente a la corrosi\u00f3n dise\u00f1ado para el uso en nueva construcci\u00f3n o mantenimiento y se puede utilizar directamente sobre sustratos preparados.<\/p>\n<p>Presentaciones:\u00a0<span class=\"container-data\">Gal\u00f3n (4 Lts)<\/span><\/p>\n<h3><a href=\"https:\/\/wa.link\/r972e5\">COTIZAR PRODUCTO<\/a><\/h3>\n","protected":false},"featured_media":202,"comment_status":"open","ping_status":"closed","template":"","meta":{"saved_in_kubio":false,"_joinchat":[]},"product_brand":[],"product_cat":[28],"product_tag":[33],"class_list":{"0":"post-201","1":"product","2":"type-product","3":"status-publish","4":"has-post-thumbnail","6":"product_cat-recubrimiento","7":"product_tag-recubrimiento-acrilico","9":"first","10":"instock","11":"shipping-taxable","12":"product-type-simple"},"_links":{"self":[{"href":"https:\/\/tresonsw.com\/index.php\/wp-json\/wp\/v2\/product\/201","targetHints":{"allow":["GET"]}}],"collection":[{"href":"https:\/\/tresonsw.com\/index.php\/wp-json\/wp\/v2\/product"}],"about":[{"href":"https:\/\/tresonsw.com\/index.php\/wp-json\/wp\/v2\/types\/product"}],"replies":[{"embeddable":true,"href":"https:\/\/tresonsw.com\/index.php\/wp-json\/wp\/v2\/comments?post=201"}],"wp:featuredmedia":[{"embeddable":true,"href":"https:\/\/tresonsw.com\/index.php\/wp-json\/wp\/v2\/media\/202"}],"wp:attachment":[{"href":"https:\/\/tresonsw.com\/index.php\/wp-json\/wp\/v2\/media?parent=201"}],"wp:term":[{"taxonomy":"product_brand","embeddable":true,"href":"https:\/\/tresonsw.com\/index.php\/wp-json\/wp\/v2\/product_brand?post=201"},{"taxonomy":"product_cat","embeddable":true,"href":"https:\/\/tresonsw.com\/index.php\/wp-json\/wp\/v2\/product_cat?post=201"},{"taxonomy":"product_tag","embeddable":true,"href":"https:\/\/tresonsw.com\/index.php\/wp-json\/wp\/v2\/product_tag?post=201"}],"curies":[{"name":"wp","href":"https:\/\/api.w.org\/{rel}","templated":true}]}}