{"id":197,"date":"2024-03-24T23:32:54","date_gmt":"2024-03-24T23:32:54","guid":{"rendered":"https:\/\/tresonsw.com\/?post_type=product&#038;p=197"},"modified":"2024-05-20T00:44:10","modified_gmt":"2024-05-20T00:44:10","slug":"epoxico-de-alto-rendimiento","status":"publish","type":"product","link":"https:\/\/tresonsw.com\/index.php\/producto\/epoxico-de-alto-rendimiento\/","title":{"rendered":"Ep\u00f3xico de Alto Rendimiento"},"content":{"rendered":"<p>Es una recubrimiento ep\u00f3xico-poliamida de dos componentes, con un 80% de s\u00f3lidos por volumen, que se utiliza para ambientes de mantenimiento en la peque\u00f1a y mediana industria, as\u00ed como en aplicaciones arquitect\u00f3nicas de alto desempe\u00f1o.<\/p>\n<p>Presentaciones:\u00a0<span class=\"container-data\">Litro, gal\u00f3n (4 Lts) y cubeta (19 Lts)<\/span><\/p>\n<p>BENEFICIOS:<\/p>\n<ul class=\"list-benefits\">\n<li>Resistente a productos qu\u00edmicos ligeros y comerciales.<\/li>\n<li><i class=\"fa fa-check\"><\/i>Resistencia a la abrasi\u00f3n.<\/li>\n<li><i class=\"fa fa-check\"><\/i>Alto brillo.<\/li>\n<li><i class=\"fa fa-check\"><\/i>Diversidad de colores.<\/li>\n<\/ul>\n","protected":false},"excerpt":{"rendered":"<p>Es una recubrimiento ep\u00f3xico-poliamida de dos componentes, con un 80% de s\u00f3lidos por volumen, que se utiliza para ambientes de mantenimiento en la peque\u00f1a y mediana industria, as\u00ed como en aplicaciones arquitect\u00f3nicas de alto desempe\u00f1o.<\/p>\n<p>Presentaciones:\u00a0<span class=\"container-data\">Litro, gal\u00f3n (4 Lts) y cubeta (19 Lts)<\/span><\/p>\n<h3><a href=\"https:\/\/wa.link\/r972e5\">COTIZAR PRODUCTO<\/a><\/h3>\n","protected":false},"featured_media":198,"comment_status":"open","ping_status":"closed","template":"","meta":{"saved_in_kubio":false,"_joinchat":[]},"product_brand":[],"product_cat":[28],"product_tag":[],"class_list":{"0":"post-197","1":"product","2":"type-product","3":"status-publish","4":"has-post-thumbnail","6":"product_cat-recubrimiento","8":"first","9":"instock","10":"shipping-taxable","11":"product-type-simple"},"_links":{"self":[{"href":"https:\/\/tresonsw.com\/index.php\/wp-json\/wp\/v2\/product\/197","targetHints":{"allow":["GET"]}}],"collection":[{"href":"https:\/\/tresonsw.com\/index.php\/wp-json\/wp\/v2\/product"}],"about":[{"href":"https:\/\/tresonsw.com\/index.php\/wp-json\/wp\/v2\/types\/product"}],"replies":[{"embeddable":true,"href":"https:\/\/tresonsw.com\/index.php\/wp-json\/wp\/v2\/comments?post=197"}],"wp:featuredmedia":[{"embeddable":true,"href":"https:\/\/tresonsw.com\/index.php\/wp-json\/wp\/v2\/media\/198"}],"wp:attachment":[{"href":"https:\/\/tresonsw.com\/index.php\/wp-json\/wp\/v2\/media?parent=197"}],"wp:term":[{"taxonomy":"product_brand","embeddable":true,"href":"https:\/\/tresonsw.com\/index.php\/wp-json\/wp\/v2\/product_brand?post=197"},{"taxonomy":"product_cat","embeddable":true,"href":"https:\/\/tresonsw.com\/index.php\/wp-json\/wp\/v2\/product_cat?post=197"},{"taxonomy":"product_tag","embeddable":true,"href":"https:\/\/tresonsw.com\/index.php\/wp-json\/wp\/v2\/product_tag?post=197"}],"curies":[{"name":"wp","href":"https:\/\/api.w.org\/{rel}","templated":true}]}}