{"id":195,"date":"2024-03-24T23:31:54","date_gmt":"2024-03-24T23:31:54","guid":{"rendered":"https:\/\/tresonsw.com\/?post_type=product&#038;p=195"},"modified":"2024-05-20T00:44:15","modified_gmt":"2024-05-20T00:44:15","slug":"pro-cryl-primario-acrilico-universal","status":"publish","type":"product","link":"https:\/\/tresonsw.com\/index.php\/producto\/pro-cryl-primario-acrilico-universal\/","title":{"rendered":"Pro-Cryl Primario Acr\u00edlico Universal"},"content":{"rendered":"<p>Es un primario acr\u00edlico autorreticulante de tecnolog\u00eda avanzada. Inhibe la aparici\u00f3n de \u00f3xido y est\u00e1 dise\u00f1ado para aplicaciones de construcci\u00f3n y mantenimiento. Se puede utilizar como primario debajo de recubrimientos de alto rendimiento a base agua o base disolvente.<\/p>\n<p>Presentaciones:\u00a0<span class=\"container-data\">Gal\u00f3n (4 Lts) y cubeta (19 Lts)<\/span><\/p>\n<p>BENEFICIOS:<\/p>\n<ul class=\"list-benefits\">\n<li>Primario de alto desempe\u00f1o.<\/li>\n<li><i class=\"fa fa-check\"><\/i>Inhibe la aparici\u00f3n de \u00f3xido.<\/li>\n<li><i class=\"fa fa-check\"><\/i>Puede ser recubierto con productos base agua o solvente (ep\u00f3xicos\/poliuretanos).<\/li>\n<li><i class=\"fa fa-check\"><\/i>Secado r\u00e1pido.<\/li>\n<li><i class=\"fa fa-check\"><\/i>Aplicaci\u00f3n a bajas temperaturas (4.5\u00b0C).<\/li>\n<li><i class=\"fa fa-check\"><\/i>Excelente adherencia en diferentes sustratos.<\/li>\n<\/ul>\n","protected":false},"excerpt":{"rendered":"<p>Es un primario acr\u00edlico autorreticulante de tecnolog\u00eda avanzada. Inhibe la aparici\u00f3n de \u00f3xido y est\u00e1 dise\u00f1ado para aplicaciones de construcci\u00f3n y mantenimiento. Se puede utilizar como primario debajo de recubrimientos de alto rendimiento a base agua o base disolvente.<\/p>\n<p>Presentaciones:\u00a0<span class=\"container-data\">Gal\u00f3n (4 Lts) y cubeta (19 Lts)<\/span><\/p>\n<h3><a href=\"https:\/\/wa.link\/r972e5\">COTIZAR PRODUCTO<\/a><\/h3>\n","protected":false},"featured_media":196,"comment_status":"open","ping_status":"closed","template":"","meta":{"saved_in_kubio":false,"_joinchat":[]},"product_brand":[],"product_cat":[42],"product_tag":[43],"class_list":{"0":"post-195","1":"product","2":"type-product","3":"status-publish","4":"has-post-thumbnail","6":"product_cat-primer","7":"product_tag-primer-acrilico","9":"first","10":"instock","11":"shipping-taxable","12":"product-type-simple"},"_links":{"self":[{"href":"https:\/\/tresonsw.com\/index.php\/wp-json\/wp\/v2\/product\/195","targetHints":{"allow":["GET"]}}],"collection":[{"href":"https:\/\/tresonsw.com\/index.php\/wp-json\/wp\/v2\/product"}],"about":[{"href":"https:\/\/tresonsw.com\/index.php\/wp-json\/wp\/v2\/types\/product"}],"replies":[{"embeddable":true,"href":"https:\/\/tresonsw.com\/index.php\/wp-json\/wp\/v2\/comments?post=195"}],"wp:featuredmedia":[{"embeddable":true,"href":"https:\/\/tresonsw.com\/index.php\/wp-json\/wp\/v2\/media\/196"}],"wp:attachment":[{"href":"https:\/\/tresonsw.com\/index.php\/wp-json\/wp\/v2\/media?parent=195"}],"wp:term":[{"taxonomy":"product_brand","embeddable":true,"href":"https:\/\/tresonsw.com\/index.php\/wp-json\/wp\/v2\/product_brand?post=195"},{"taxonomy":"product_cat","embeddable":true,"href":"https:\/\/tresonsw.com\/index.php\/wp-json\/wp\/v2\/product_cat?post=195"},{"taxonomy":"product_tag","embeddable":true,"href":"https:\/\/tresonsw.com\/index.php\/wp-json\/wp\/v2\/product_tag?post=195"}],"curies":[{"name":"wp","href":"https:\/\/api.w.org\/{rel}","templated":true}]}}