{"id":191,"date":"2024-03-24T23:30:02","date_gmt":"2024-03-24T23:30:02","guid":{"rendered":"https:\/\/tresonsw.com\/?post_type=product&#038;p=191"},"modified":"2025-03-14T23:57:54","modified_gmt":"2025-03-14T23:57:54","slug":"acabado-epoxico","status":"publish","type":"product","link":"https:\/\/tresonsw.com\/index.php\/producto\/acabado-epoxico\/","title":{"rendered":"Acabado Ep\u00f3xico"},"content":{"rendered":"<p>Es un recubrimiento ep\u00f3xico-poliamida de dos componentes, con un 60 % de s\u00f3lidos por volumen, que se utiliza para ambientes de mantenimiento en la peque\u00f1a y mediana industria, as\u00ed como en aplicaciones arquitect\u00f3nicas de alto desempe\u00f1o. Promax Acabado Ep\u00f3xico es un recubrimiento vers\u00e1til que puedes ser usado como acabado o como enlace (o intermedio).<\/p>\n<p>Presentaciones:\u00a0<span class=\"container-data\">Gal\u00f3n (4 Lts) y cubeta (19 Lts)<\/span><\/p>\n<p>BENEFICIOS:<\/p>\n<ul>\n<li>Anticorrosivo de alto desempe\u00f1o.<\/li>\n<li><i class=\"fa fa-check\"><\/i>Alto contenido en s\u00f3lidos.<\/li>\n<li><i class=\"fa fa-check\"><\/i>Alta resistencia a la corrosi\u00f3n.<\/li>\n<li><i class=\"fa fa-check\"><\/i>Puede usarse en inmersi\u00f3n en agua dulce.<\/li>\n<li><i class=\"fa fa-check\"><\/i>Color blanco.<\/li>\n<li><i class=\"fa fa-check\"><\/i>Se recomienda para pisos.<\/li>\n<\/ul>\n","protected":false},"excerpt":{"rendered":"<p>Es un recubrimiento ep\u00f3xico-poliamida de dos componentes, con un 60 % de s\u00f3lidos por volumen, que se utiliza para ambientes de mantenimiento en la peque\u00f1a y mediana industria, as\u00ed como en aplicaciones arquitect\u00f3nicas de alto desempe\u00f1o. Promax Acabado Ep\u00f3xico es un recubrimiento vers\u00e1til que puedes ser usado como acabado o como enlace (o intermedio).<\/p>\n<p>Presentaciones:\u00a0<span class=\"container-data\">Gal\u00f3n (4 Lts) y cubeta (19 Lts)<\/span><\/p>\n<h3><a href=\"https:\/\/wa.link\/r972e5\">COTIZAR PRODUCTO<\/a><\/h3>\n","protected":false},"featured_media":192,"comment_status":"open","ping_status":"closed","template":"","meta":{"saved_in_kubio":false,"_joinchat":[]},"product_brand":[],"product_cat":[26,78,80,75,28],"product_tag":[],"class_list":{"0":"post-191","1":"product","2":"type-product","3":"status-publish","4":"has-post-thumbnail","6":"product_cat-esmalte","7":"product_cat-esmaltes","8":"product_cat-industrial","9":"product_cat-mejores-productos","10":"product_cat-recubrimiento","12":"first","13":"instock","14":"shipping-taxable","15":"product-type-simple"},"_links":{"self":[{"href":"https:\/\/tresonsw.com\/index.php\/wp-json\/wp\/v2\/product\/191","targetHints":{"allow":["GET"]}}],"collection":[{"href":"https:\/\/tresonsw.com\/index.php\/wp-json\/wp\/v2\/product"}],"about":[{"href":"https:\/\/tresonsw.com\/index.php\/wp-json\/wp\/v2\/types\/product"}],"replies":[{"embeddable":true,"href":"https:\/\/tresonsw.com\/index.php\/wp-json\/wp\/v2\/comments?post=191"}],"wp:featuredmedia":[{"embeddable":true,"href":"https:\/\/tresonsw.com\/index.php\/wp-json\/wp\/v2\/media\/192"}],"wp:attachment":[{"href":"https:\/\/tresonsw.com\/index.php\/wp-json\/wp\/v2\/media?parent=191"}],"wp:term":[{"taxonomy":"product_brand","embeddable":true,"href":"https:\/\/tresonsw.com\/index.php\/wp-json\/wp\/v2\/product_brand?post=191"},{"taxonomy":"product_cat","embeddable":true,"href":"https:\/\/tresonsw.com\/index.php\/wp-json\/wp\/v2\/product_cat?post=191"},{"taxonomy":"product_tag","embeddable":true,"href":"https:\/\/tresonsw.com\/index.php\/wp-json\/wp\/v2\/product_tag?post=191"}],"curies":[{"name":"wp","href":"https:\/\/api.w.org\/{rel}","templated":true}]}}