{"id":189,"date":"2024-03-24T23:29:16","date_gmt":"2024-03-24T23:29:16","guid":{"rendered":"https:\/\/tresonsw.com\/?post_type=product&#038;p=189"},"modified":"2025-03-14T23:59:03","modified_gmt":"2025-03-14T23:59:03","slug":"acabado-poliuretano","status":"publish","type":"product","link":"https:\/\/tresonsw.com\/index.php\/producto\/acabado-poliuretano\/","title":{"rendered":"Acabado Poliuretano"},"content":{"rendered":"<p>Es un recubrimiento de poliuretano de dos componentes con alta resistencia f\u00edsica y qu\u00edmica. Es ideal para aquellas \u00e1reas donde se requiera una alta protecci\u00f3n y una apariencia inmejorable, ya que presenta una excelente resistencia a la intemperie, conservando su color y brillo original durante largo tiempo.<\/p>\n<p>Presentaciones:\u00a0<span class=\"container-data\">Gal\u00f3n (4 Lts) y cubeta (19 Lts)<\/span><\/p>\n<p>BENEFICIOS:<\/p>\n<ul>\n<li>Alta resistencia a la intemperie.<\/li>\n<li><i class=\"fa fa-check\"><\/i>Elevada resistencia f\u00edsica y qu\u00edmica.<\/li>\n<li><i class=\"fa fa-check\"><\/i>Resiste temperatura de hasta 120\u00b0C.<\/li>\n<li><i class=\"fa fa-check\"><\/i>Puede ser empleado en pisos de tr\u00e1fico ligero a moderado.<\/li>\n<\/ul>\n","protected":false},"excerpt":{"rendered":"<p>Es un recubrimiento de poliuretano de dos componentes con alta resistencia f\u00edsica y qu\u00edmica. Es ideal para aquellas \u00e1reas donde se requiera una alta protecci\u00f3n y una apariencia inmejorable, ya que presenta una excelente resistencia a la intemperie, conservando su color y brillo original durante largo tiempo.<\/p>\n<p>Presentaciones:\u00a0<span class=\"container-data\">Gal\u00f3n (4 Lts) y cubeta (19 Lts)<\/span><\/p>\n<h3><a href=\"https:\/\/wa.link\/r972e5\">COTIZAR PRODUCTO<\/a><\/h3>\n","protected":false},"featured_media":190,"comment_status":"open","ping_status":"closed","template":"","meta":{"saved_in_kubio":false,"_joinchat":[]},"product_brand":[],"product_cat":[80,28],"product_tag":[46],"class_list":{"0":"post-189","1":"product","2":"type-product","3":"status-publish","4":"has-post-thumbnail","6":"product_cat-industrial","7":"product_cat-recubrimiento","8":"product_tag-recubrimiento-poliuretano","10":"first","11":"instock","12":"shipping-taxable","13":"product-type-simple"},"_links":{"self":[{"href":"https:\/\/tresonsw.com\/index.php\/wp-json\/wp\/v2\/product\/189","targetHints":{"allow":["GET"]}}],"collection":[{"href":"https:\/\/tresonsw.com\/index.php\/wp-json\/wp\/v2\/product"}],"about":[{"href":"https:\/\/tresonsw.com\/index.php\/wp-json\/wp\/v2\/types\/product"}],"replies":[{"embeddable":true,"href":"https:\/\/tresonsw.com\/index.php\/wp-json\/wp\/v2\/comments?post=189"}],"wp:featuredmedia":[{"embeddable":true,"href":"https:\/\/tresonsw.com\/index.php\/wp-json\/wp\/v2\/media\/190"}],"wp:attachment":[{"href":"https:\/\/tresonsw.com\/index.php\/wp-json\/wp\/v2\/media?parent=189"}],"wp:term":[{"taxonomy":"product_brand","embeddable":true,"href":"https:\/\/tresonsw.com\/index.php\/wp-json\/wp\/v2\/product_brand?post=189"},{"taxonomy":"product_cat","embeddable":true,"href":"https:\/\/tresonsw.com\/index.php\/wp-json\/wp\/v2\/product_cat?post=189"},{"taxonomy":"product_tag","embeddable":true,"href":"https:\/\/tresonsw.com\/index.php\/wp-json\/wp\/v2\/product_tag?post=189"}],"curies":[{"name":"wp","href":"https:\/\/api.w.org\/{rel}","templated":true}]}}