{"id":185,"date":"2024-03-24T23:26:58","date_gmt":"2024-03-24T23:26:58","guid":{"rendered":"https:\/\/tresonsw.com\/?post_type=product&#038;p=185"},"modified":"2024-05-20T00:44:41","modified_gmt":"2024-05-20T00:44:41","slug":"kem-fast-dry","status":"publish","type":"product","link":"https:\/\/tresonsw.com\/index.php\/producto\/kem-fast-dry\/","title":{"rendered":"Kem Fast Dry"},"content":{"rendered":"<p>Es un recubrimiento desarrollado a partir de resina acr\u00edlica y pigmentos qu\u00edmicamente resistentes, que proporciona un acabado brillante de secado r\u00e1pido, de f\u00e1cil aplicaci\u00f3n y de excelente resistencia a la intemperie. Cuando se aplica sobre Acri-Primer, proporciona una resistencia a la corrosi\u00f3n muy superior a cualquier sistema de recubrimientos para uso dom\u00e9stico y automotivo.<\/p>\n<p>Presentaciones:\u00a0<span class=\"container-data\">Gal\u00f3n (4 Lts) y cubeta (19 Lts)<\/span><\/p>\n<p>BENEFICIOS:<\/p>\n<ul>\n<li>Muy alto brillo.<\/li>\n<li><i class=\"fa fa-check\"><\/i>Excelente retenci\u00f3n de brillo y color al exterior.<\/li>\n<li><i class=\"fa fa-check\"><\/i>No tiene tiempo cr\u00edtico para recubrirse.<\/li>\n<li><i class=\"fa fa-check\"><\/i>Puede ser catalizado para mayor resistencia.<\/li>\n<\/ul>\n","protected":false},"excerpt":{"rendered":"<p>Es un recubrimiento desarrollado a partir de resina acr\u00edlica y pigmentos qu\u00edmicamente resistentes, que proporciona un acabado brillante de secado r\u00e1pido, de f\u00e1cil aplicaci\u00f3n y de excelente resistencia a la intemperie. Cuando se aplica sobre Acri-Primer, proporciona una resistencia a la corrosi\u00f3n muy superior a cualquier sistema de recubrimientos para uso dom\u00e9stico y automotivo.<\/p>\n<p>Presentaciones:\u00a0<span class=\"container-data\">Gal\u00f3n (4 Lts) y cubeta (19 Lts)<\/span><\/p>\n<h3><a href=\"https:\/\/wa.link\/r972e5\">COTIZAR PRODUCTO<\/a><\/h3>\n","protected":false},"featured_media":186,"comment_status":"open","ping_status":"closed","template":"","meta":{"saved_in_kubio":false,"_joinchat":[]},"product_brand":[],"product_cat":[28],"product_tag":[38],"class_list":{"0":"post-185","1":"product","2":"type-product","3":"status-publish","4":"has-post-thumbnail","6":"product_cat-recubrimiento","7":"product_tag-recubrimiento-resina","9":"first","10":"instock","11":"shipping-taxable","12":"product-type-simple"},"_links":{"self":[{"href":"https:\/\/tresonsw.com\/index.php\/wp-json\/wp\/v2\/product\/185","targetHints":{"allow":["GET"]}}],"collection":[{"href":"https:\/\/tresonsw.com\/index.php\/wp-json\/wp\/v2\/product"}],"about":[{"href":"https:\/\/tresonsw.com\/index.php\/wp-json\/wp\/v2\/types\/product"}],"replies":[{"embeddable":true,"href":"https:\/\/tresonsw.com\/index.php\/wp-json\/wp\/v2\/comments?post=185"}],"wp:featuredmedia":[{"embeddable":true,"href":"https:\/\/tresonsw.com\/index.php\/wp-json\/wp\/v2\/media\/186"}],"wp:attachment":[{"href":"https:\/\/tresonsw.com\/index.php\/wp-json\/wp\/v2\/media?parent=185"}],"wp:term":[{"taxonomy":"product_brand","embeddable":true,"href":"https:\/\/tresonsw.com\/index.php\/wp-json\/wp\/v2\/product_brand?post=185"},{"taxonomy":"product_cat","embeddable":true,"href":"https:\/\/tresonsw.com\/index.php\/wp-json\/wp\/v2\/product_cat?post=185"},{"taxonomy":"product_tag","embeddable":true,"href":"https:\/\/tresonsw.com\/index.php\/wp-json\/wp\/v2\/product_tag?post=185"}],"curies":[{"name":"wp","href":"https:\/\/api.w.org\/{rel}","templated":true}]}}