{"id":183,"date":"2024-03-24T23:02:05","date_gmt":"2024-03-24T23:02:05","guid":{"rendered":"https:\/\/tresonsw.com\/?post_type=product&#038;p=183"},"modified":"2024-05-20T00:44:46","modified_gmt":"2024-05-20T00:44:46","slug":"primario-rico-en-zinc","status":"publish","type":"product","link":"https:\/\/tresonsw.com\/index.php\/producto\/primario-rico-en-zinc\/","title":{"rendered":"Primario Rico en Zinc"},"content":{"rendered":"<p>Es un primario de alto desempe\u00f1o premium que contiene 97% de polvo de zinc puro mezclado con resina ep\u00f3xica que proporciona la m\u00e1xima protecci\u00f3n al acero expuesto a ambientes corrosivos severos. Previene la extensi\u00f3n de la corrosi\u00f3n en \u00e1reas da\u00f1adas.<\/p>\n<p>Presentaciones:\u00a0<span class=\"container-data\">Aerosol<\/span><\/p>\n<p>BENEFICIOS:<\/p>\n<ul>\n<li>Excelente resistencia a la corrosi\u00f3n en agua y sal.<\/li>\n<li><i class=\"fa fa-check\"><\/i>Aplicaci\u00f3n en aerosol para \u00e1reas de dif\u00edcil acceso.<\/li>\n<li><i class=\"fa fa-check\"><\/i>Secado r\u00e1pido.<\/li>\n<li><i class=\"fa fa-check\"><\/i>Excelentes propiedades anti-escurrimiento y anti-asentamiento.<\/li>\n<\/ul>\n","protected":false},"excerpt":{"rendered":"<p>Es un primario de alto desempe\u00f1o premium que contiene 97% de polvo de zinc puro mezclado con resina ep\u00f3xica que proporciona la m\u00e1xima protecci\u00f3n al acero expuesto a ambientes corrosivos severos. Previene la extensi\u00f3n de la corrosi\u00f3n en \u00e1reas da\u00f1adas.<\/p>\n<p>Presentaciones:\u00a0<span class=\"container-data\">Aerosol<\/span><\/p>\n<h3><a href=\"https:\/\/wa.link\/r972e5\">COTIZAR PRODUCTO<\/a><\/h3>\n","protected":false},"featured_media":184,"comment_status":"open","ping_status":"closed","template":"","meta":{"saved_in_kubio":false,"_joinchat":[]},"product_brand":[],"product_cat":[42],"product_tag":[],"class_list":{"0":"post-183","1":"product","2":"type-product","3":"status-publish","4":"has-post-thumbnail","6":"product_cat-primer","8":"first","9":"instock","10":"shipping-taxable","11":"product-type-simple"},"_links":{"self":[{"href":"https:\/\/tresonsw.com\/index.php\/wp-json\/wp\/v2\/product\/183","targetHints":{"allow":["GET"]}}],"collection":[{"href":"https:\/\/tresonsw.com\/index.php\/wp-json\/wp\/v2\/product"}],"about":[{"href":"https:\/\/tresonsw.com\/index.php\/wp-json\/wp\/v2\/types\/product"}],"replies":[{"embeddable":true,"href":"https:\/\/tresonsw.com\/index.php\/wp-json\/wp\/v2\/comments?post=183"}],"wp:featuredmedia":[{"embeddable":true,"href":"https:\/\/tresonsw.com\/index.php\/wp-json\/wp\/v2\/media\/184"}],"wp:attachment":[{"href":"https:\/\/tresonsw.com\/index.php\/wp-json\/wp\/v2\/media?parent=183"}],"wp:term":[{"taxonomy":"product_brand","embeddable":true,"href":"https:\/\/tresonsw.com\/index.php\/wp-json\/wp\/v2\/product_brand?post=183"},{"taxonomy":"product_cat","embeddable":true,"href":"https:\/\/tresonsw.com\/index.php\/wp-json\/wp\/v2\/product_cat?post=183"},{"taxonomy":"product_tag","embeddable":true,"href":"https:\/\/tresonsw.com\/index.php\/wp-json\/wp\/v2\/product_tag?post=183"}],"curies":[{"name":"wp","href":"https:\/\/api.w.org\/{rel}","templated":true}]}}