{"id":176,"date":"2024-03-24T22:57:34","date_gmt":"2024-03-24T22:57:34","guid":{"rendered":"https:\/\/tresonsw.com\/?post_type=product&#038;p=176"},"modified":"2024-05-20T00:45:02","modified_gmt":"2024-05-20T00:45:02","slug":"ultra-primer","status":"publish","type":"product","link":"https:\/\/tresonsw.com\/index.php\/producto\/ultra-primer\/","title":{"rendered":"Ultra Primer"},"content":{"rendered":"<p>Es un primario de alto rendimiento que proporciona una elevada resistencia a la oxidaci\u00f3n en superficies de fierro y acero al carb\u00f3n. Proporciona una pel\u00edcula dura, resistente y flexible, que brinda una adecuada protecci\u00f3n a la intemperie cuando se aplica debajo de un acabado aprobado, as\u00ed como mayor durabilidad a la superficie recubierta. Est\u00e1 dise\u00f1ado para el uso en nueva construcci\u00f3n o mantenimiento.<\/p>\n<p>Presentaciones:\u00a0<span class=\"container-data\">Gal\u00f3n (4 Lts) y cubeta (19 Lts)<\/span><\/p>\n<p>BENEFICIOS:<\/p>\n<ul>\n<li>Alta resistencia a la corrosi\u00f3n.<\/li>\n<li><i class=\"fa fa-check\"><\/i>F\u00e1cil de aplicar.<\/li>\n<li><i class=\"fa fa-check\"><\/i>Alto rendimiento.<\/li>\n<li><i class=\"fa fa-check\"><\/i>Secado en minutos.<\/li>\n<\/ul>\n","protected":false},"excerpt":{"rendered":"<p>Es un primario de alto rendimiento que proporciona una elevada resistencia a la oxidaci\u00f3n en superficies de fierro y acero al carb\u00f3n. Proporciona una pel\u00edcula dura, resistente y flexible, que brinda una adecuada protecci\u00f3n a la intemperie cuando se aplica debajo de un acabado aprobado, as\u00ed como mayor durabilidad a la superficie recubierta. Est\u00e1 dise\u00f1ado para el uso en nueva construcci\u00f3n o mantenimiento.<\/p>\n<p>Presentaciones:\u00a0<span class=\"container-data\">Gal\u00f3n (4 Lts) y cubeta (19 Lts)<\/span><\/p>\n<h3><a href=\"https:\/\/wa.link\/r972e5\">COTIZAR PRODUCTO<\/a><\/h3>\n","protected":false},"featured_media":177,"comment_status":"open","ping_status":"closed","template":"","meta":{"saved_in_kubio":false,"_joinchat":[]},"product_brand":[],"product_cat":[75,42],"product_tag":[43],"class_list":{"0":"post-176","1":"product","2":"type-product","3":"status-publish","4":"has-post-thumbnail","6":"product_cat-mejores-productos","7":"product_cat-primer","8":"product_tag-primer-acrilico","10":"first","11":"instock","12":"shipping-taxable","13":"product-type-simple"},"_links":{"self":[{"href":"https:\/\/tresonsw.com\/index.php\/wp-json\/wp\/v2\/product\/176","targetHints":{"allow":["GET"]}}],"collection":[{"href":"https:\/\/tresonsw.com\/index.php\/wp-json\/wp\/v2\/product"}],"about":[{"href":"https:\/\/tresonsw.com\/index.php\/wp-json\/wp\/v2\/types\/product"}],"replies":[{"embeddable":true,"href":"https:\/\/tresonsw.com\/index.php\/wp-json\/wp\/v2\/comments?post=176"}],"wp:featuredmedia":[{"embeddable":true,"href":"https:\/\/tresonsw.com\/index.php\/wp-json\/wp\/v2\/media\/177"}],"wp:attachment":[{"href":"https:\/\/tresonsw.com\/index.php\/wp-json\/wp\/v2\/media?parent=176"}],"wp:term":[{"taxonomy":"product_brand","embeddable":true,"href":"https:\/\/tresonsw.com\/index.php\/wp-json\/wp\/v2\/product_brand?post=176"},{"taxonomy":"product_cat","embeddable":true,"href":"https:\/\/tresonsw.com\/index.php\/wp-json\/wp\/v2\/product_cat?post=176"},{"taxonomy":"product_tag","embeddable":true,"href":"https:\/\/tresonsw.com\/index.php\/wp-json\/wp\/v2\/product_tag?post=176"}],"curies":[{"name":"wp","href":"https:\/\/api.w.org\/{rel}","templated":true}]}}