{"id":174,"date":"2024-03-24T22:55:53","date_gmt":"2024-03-24T22:55:53","guid":{"rendered":"https:\/\/tresonsw.com\/?post_type=product&#038;p=174"},"modified":"2024-05-20T00:45:07","modified_gmt":"2024-05-20T00:45:07","slug":"acri-primer","status":"publish","type":"product","link":"https:\/\/tresonsw.com\/index.php\/producto\/acri-primer\/","title":{"rendered":"Acri Primer"},"content":{"rendered":"<p>Es un primario acr\u00edlico de secado r\u00e1pido que ofrece la m\u00e1xima protecci\u00f3n anticorrosiva sobre superficies de fierro y acero al carb\u00f3n. Cuando se aplica bajo un acabado apropiado, proporciona una resistencia a la corrosi\u00f3n muy superior a cualquier sistema de recubrimientos para uso dom\u00e9stico. Est\u00e1 dise\u00f1ado para el uso en nueva construcci\u00f3n o mantenimiento y se puede utilizar directamente sobre sustratos preparados.<\/p>\n<p>Presentaciones:\u00a0<span class=\"container-data\">Gal\u00f3n (4 Lts) y cubeta (19 Lts)<\/span><\/p>\n<p>BENEFICIOS:<\/p>\n<ul>\n<li>Puede emplearse con una amplia gama de acabados, incluso ep\u00f3xicos y poliuretanos.<\/li>\n<li><i class=\"fa fa-check\"><\/i>Secado en minutos.<\/li>\n<li><i class=\"fa fa-check\"><\/i>Alta resistencia a la corrosi\u00f3n.<\/li>\n<li><i class=\"fa fa-check\"><\/i>Ideal para el uso en mantenimiento de propiedades.<\/li>\n<\/ul>\n","protected":false},"excerpt":{"rendered":"<p>Es un primario acr\u00edlico de secado r\u00e1pido que ofrece la m\u00e1xima protecci\u00f3n anticorrosiva sobre superficies de fierro y acero al carb\u00f3n. Cuando se aplica bajo un acabado apropiado, proporciona una resistencia a la corrosi\u00f3n muy superior a cualquier sistema de recubrimientos para uso dom\u00e9stico. Est\u00e1 dise\u00f1ado para el uso en nueva construcci\u00f3n o mantenimiento y se puede utilizar directamente sobre sustratos preparados.<\/p>\n<p>Presentaciones:\u00a0<span class=\"container-data\">Gal\u00f3n (4 Lts) y cubeta (19 Lts)<\/span><\/p>\n<h3><a href=\"https:\/\/wa.link\/r972e5\">COTIZAR PRODUCTO<\/a><\/h3>\n","protected":false},"featured_media":175,"comment_status":"open","ping_status":"closed","template":"","meta":{"saved_in_kubio":false,"_joinchat":[]},"product_brand":[],"product_cat":[42],"product_tag":[43],"class_list":{"0":"post-174","1":"product","2":"type-product","3":"status-publish","4":"has-post-thumbnail","6":"product_cat-primer","7":"product_tag-primer-acrilico","9":"first","10":"instock","11":"shipping-taxable","12":"product-type-simple"},"_links":{"self":[{"href":"https:\/\/tresonsw.com\/index.php\/wp-json\/wp\/v2\/product\/174","targetHints":{"allow":["GET"]}}],"collection":[{"href":"https:\/\/tresonsw.com\/index.php\/wp-json\/wp\/v2\/product"}],"about":[{"href":"https:\/\/tresonsw.com\/index.php\/wp-json\/wp\/v2\/types\/product"}],"replies":[{"embeddable":true,"href":"https:\/\/tresonsw.com\/index.php\/wp-json\/wp\/v2\/comments?post=174"}],"wp:featuredmedia":[{"embeddable":true,"href":"https:\/\/tresonsw.com\/index.php\/wp-json\/wp\/v2\/media\/175"}],"wp:attachment":[{"href":"https:\/\/tresonsw.com\/index.php\/wp-json\/wp\/v2\/media?parent=174"}],"wp:term":[{"taxonomy":"product_brand","embeddable":true,"href":"https:\/\/tresonsw.com\/index.php\/wp-json\/wp\/v2\/product_brand?post=174"},{"taxonomy":"product_cat","embeddable":true,"href":"https:\/\/tresonsw.com\/index.php\/wp-json\/wp\/v2\/product_cat?post=174"},{"taxonomy":"product_tag","embeddable":true,"href":"https:\/\/tresonsw.com\/index.php\/wp-json\/wp\/v2\/product_tag?post=174"}],"curies":[{"name":"wp","href":"https:\/\/api.w.org\/{rel}","templated":true}]}}