{"id":172,"date":"2024-03-24T22:54:46","date_gmt":"2024-03-24T22:54:46","guid":{"rendered":"https:\/\/tresonsw.com\/?post_type=product&#038;p=172"},"modified":"2025-03-15T00:01:06","modified_gmt":"2025-03-15T00:01:06","slug":"dual-etch","status":"publish","type":"product","link":"https:\/\/tresonsw.com\/index.php\/producto\/dual-etch\/","title":{"rendered":"Dual Etch"},"content":{"rendered":"<p>Es un producto t\u00e9cnicamente fabricado para limpiar acero, l\u00e1mina galvanizada y aluminio. Elimina f\u00e1cilmente, grasa, \u00f3xido, mugre y agentes corrosivos. Tiene propiedades desoxidantes y fosfatizantes que impiden la formaci\u00f3n y avance de \u00f3xido debajo de la pel\u00edcula de pintura. Neutraliza los \u00e1cidos de la soldadura, por lo que permite una excelente adherencia de cualquier tipo de primario o acabado a la superficie. Dual Etch tambi\u00e9n puede ser usado para neutralizar la alcalinidad de superficies de concreto.<\/p>\n<p>Presentaciones:\u00a0<span class=\"container-data\">Gal\u00f3n (4 Lts)<\/span><\/p>\n<p>BENEFICIOS:<\/p>\n<ul>\n<li>Desengrasante.<\/li>\n<li><i class=\"fa fa-check\"><\/i>Desoxidante y fosfatizante.<\/li>\n<li><i class=\"fa fa-check\"><\/i>Neutraliza la alcalinidad de superficies de concreto.<\/li>\n<li><i class=\"fa fa-check\"><\/i>Elimina f\u00e1cilmente, grasa, \u00f3xido, mugre y agentes corrosivos.<\/li>\n<\/ul>\n","protected":false},"excerpt":{"rendered":"<p>Es un producto t\u00e9cnicamente fabricado para limpiar acero, l\u00e1mina galvanizada y aluminio. Elimina f\u00e1cilmente, grasa, \u00f3xido, mugre y agentes corrosivos. Tiene propiedades desoxidantes y fosfatizantes que impiden la formaci\u00f3n y avance de \u00f3xido debajo de la pel\u00edcula de pintura. Neutraliza los \u00e1cidos de la soldadura, por lo que permite una excelente adherencia de cualquier tipo de primario o acabado a la superficie. Dual Etch tambi\u00e9n puede ser usado para neutralizar la alcalinidad de superficies de concreto.<\/p>\n<p>Presentaciones:\u00a0<span class=\"container-data\">Gal\u00f3n (4 Lts)<\/span><\/p>\n<h3><a href=\"https:\/\/wa.link\/r972e5\">COTIZAR PRODUCTO<\/a><\/h3>\n","protected":false},"featured_media":173,"comment_status":"open","ping_status":"closed","template":"","meta":{"saved_in_kubio":false,"_joinchat":[]},"product_brand":[],"product_cat":[80,20],"product_tag":[41],"class_list":{"0":"post-172","1":"product","2":"type-product","3":"status-publish","4":"has-post-thumbnail","6":"product_cat-industrial","7":"product_cat-sin-categorizar","8":"product_tag-limpiador","10":"first","11":"instock","12":"shipping-taxable","13":"product-type-simple"},"_links":{"self":[{"href":"https:\/\/tresonsw.com\/index.php\/wp-json\/wp\/v2\/product\/172","targetHints":{"allow":["GET"]}}],"collection":[{"href":"https:\/\/tresonsw.com\/index.php\/wp-json\/wp\/v2\/product"}],"about":[{"href":"https:\/\/tresonsw.com\/index.php\/wp-json\/wp\/v2\/types\/product"}],"replies":[{"embeddable":true,"href":"https:\/\/tresonsw.com\/index.php\/wp-json\/wp\/v2\/comments?post=172"}],"wp:featuredmedia":[{"embeddable":true,"href":"https:\/\/tresonsw.com\/index.php\/wp-json\/wp\/v2\/media\/173"}],"wp:attachment":[{"href":"https:\/\/tresonsw.com\/index.php\/wp-json\/wp\/v2\/media?parent=172"}],"wp:term":[{"taxonomy":"product_brand","embeddable":true,"href":"https:\/\/tresonsw.com\/index.php\/wp-json\/wp\/v2\/product_brand?post=172"},{"taxonomy":"product_cat","embeddable":true,"href":"https:\/\/tresonsw.com\/index.php\/wp-json\/wp\/v2\/product_cat?post=172"},{"taxonomy":"product_tag","embeddable":true,"href":"https:\/\/tresonsw.com\/index.php\/wp-json\/wp\/v2\/product_tag?post=172"}],"curies":[{"name":"wp","href":"https:\/\/api.w.org\/{rel}","templated":true}]}}