{"id":170,"date":"2024-03-24T22:53:52","date_gmt":"2024-03-24T22:53:52","guid":{"rendered":"https:\/\/tresonsw.com\/?post_type=product&#038;p=170"},"modified":"2025-03-15T00:14:11","modified_gmt":"2025-03-15T00:14:11","slug":"metal-filler","status":"publish","type":"product","link":"https:\/\/tresonsw.com\/index.php\/producto\/metal-filler\/","title":{"rendered":"Metal Filler"},"content":{"rendered":"<p>Es una masilla de secado por catalizaci\u00f3n, de excelente calidad. Formulado especialmente para ser usados en reparaciones de hojalater\u00eda en la peque\u00f1a y mediana industria y cualquier otra donde se requiera resanar y\/o nivelar imperfecciones de superficies met\u00e1licas de manera r\u00e1pida y f\u00e1cilmente. Proporciona una excelente adherencia sobre varias superficies. Su tiempo de gelado (5 a 10 minutos) y consistencia son los m\u00e1s adecuados para su correcta aplicaci\u00f3n. Tiene una gran suavidad al lijar lo que permite realizar el trabajo con una mayor facilidad y menor esfuerzo. No \u201csangra\u201d ni amarillea. No dejan puntos de alfiler.<\/p>\n<p>Presentaciones:\u00a0<span class=\"container-data\">Gal\u00f3n (4 Lts) y cubeta (19 Lts)<\/span><\/p>\n<p>BENEFICIOS:<\/p>\n<ul>\n<li>F\u00e1cil de lijar.<\/li>\n<li><i class=\"fa fa-check\"><\/i>Secado en minutos.<\/li>\n<li><i class=\"fa fa-check\"><\/i>Facilidad de aplicar.<\/li>\n<li><i class=\"fa fa-check\"><\/i>Puede ser recubierto con productos base agua o solvente.<\/li>\n<li><i class=\"fa fa-check\"><\/i>No altera el color al recubrirse (no sangra).<\/li>\n<li><i class=\"fa fa-check\"><\/i>Flexible.<\/li>\n<\/ul>\n","protected":false},"excerpt":{"rendered":"<p>Es una masilla de secado por catalizaci\u00f3n, de excelente calidad. Formulado especialmente para ser usados en reparaciones de hojalater\u00eda en la peque\u00f1a y mediana industria y cualquier otra donde se requiera resanar y\/o nivelar imperfecciones de superficies met\u00e1licas de manera r\u00e1pida y f\u00e1cilmente. Proporciona una excelente adherencia sobre varias superficies. Su tiempo de gelado (5 a 10 minutos) y consistencia son los m\u00e1s adecuados para su correcta aplicaci\u00f3n. Tiene una gran suavidad al lijar lo que permite realizar el trabajo con una mayor facilidad y menor esfuerzo. No \u201csangra\u201d ni amarillea. No dejan puntos de alfiler.<\/p>\n<p>Presentaciones:\u00a0<span class=\"container-data\">Gal\u00f3n (4 Lts) y cubeta (19 Lts)<\/span><\/p>\n<h3><a href=\"https:\/\/wa.link\/r972e5\">COTIZAR PRODUCTO<\/a><\/h3>\n","protected":false},"featured_media":171,"comment_status":"open","ping_status":"closed","template":"","meta":{"saved_in_kubio":false,"_joinchat":[]},"product_brand":[],"product_cat":[66,20],"product_tag":[40],"class_list":{"0":"post-170","1":"product","2":"type-product","3":"status-publish","4":"has-post-thumbnail","6":"product_cat-especialidades","7":"product_cat-sin-categorizar","8":"product_tag-masilla","10":"first","11":"instock","12":"shipping-taxable","13":"product-type-simple"},"_links":{"self":[{"href":"https:\/\/tresonsw.com\/index.php\/wp-json\/wp\/v2\/product\/170","targetHints":{"allow":["GET"]}}],"collection":[{"href":"https:\/\/tresonsw.com\/index.php\/wp-json\/wp\/v2\/product"}],"about":[{"href":"https:\/\/tresonsw.com\/index.php\/wp-json\/wp\/v2\/types\/product"}],"replies":[{"embeddable":true,"href":"https:\/\/tresonsw.com\/index.php\/wp-json\/wp\/v2\/comments?post=170"}],"wp:featuredmedia":[{"embeddable":true,"href":"https:\/\/tresonsw.com\/index.php\/wp-json\/wp\/v2\/media\/171"}],"wp:attachment":[{"href":"https:\/\/tresonsw.com\/index.php\/wp-json\/wp\/v2\/media?parent=170"}],"wp:term":[{"taxonomy":"product_brand","embeddable":true,"href":"https:\/\/tresonsw.com\/index.php\/wp-json\/wp\/v2\/product_brand?post=170"},{"taxonomy":"product_cat","embeddable":true,"href":"https:\/\/tresonsw.com\/index.php\/wp-json\/wp\/v2\/product_cat?post=170"},{"taxonomy":"product_tag","embeddable":true,"href":"https:\/\/tresonsw.com\/index.php\/wp-json\/wp\/v2\/product_tag?post=170"}],"curies":[{"name":"wp","href":"https:\/\/api.w.org\/{rel}","templated":true}]}}