{"id":164,"date":"2024-03-24T22:46:22","date_gmt":"2024-03-24T22:46:22","guid":{"rendered":"https:\/\/tresonsw.com\/?post_type=product&#038;p=164"},"modified":"2025-03-15T00:16:15","modified_gmt":"2025-03-15T00:16:15","slug":"esmalte-acrilico-antibacterial","status":"publish","type":"product","link":"https:\/\/tresonsw.com\/index.php\/producto\/esmalte-acrilico-antibacterial\/","title":{"rendered":"Esmalte Acr\u00edlico Antibacterial"},"content":{"rendered":"<p>Es la nueva revoluci\u00f3n en esmaltes sanitarios en el mercado pues mantiene una LIMPIEZA, RESISTENCIA y DURABILIDAD superior a cualquier esmalte dom\u00e9stico. \u00c9sta pintura contiene agentes antibacteriales amigables con su salud que evita la formaci\u00f3n de algas, hongos, bacterias y microorganismos.<\/p>\n<p>Presentaciones:\u00a0<span class=\"container-data\">Gal\u00f3n (4 Lts) y cubeta (19 Lts)<\/span><\/p>\n<p>BENEFICIOS:<\/p>\n<ul>\n<li>Elimina el 99.9% de hongos y bacterias.<\/li>\n<li><i class=\"fa fa-check\"><\/i>No emite olor a solvente.<\/li>\n<li><i class=\"fa fa-check\"><\/i>Secado en minutos.<\/li>\n<li><i class=\"fa fa-check\"><\/i>Puede usarse en superficies sin necesidad de primario.<\/li>\n<li><i class=\"fa fa-check\"><\/i>Acabado brillante.<\/li>\n<\/ul>\n","protected":false},"excerpt":{"rendered":"<p>Es la nueva revoluci\u00f3n en esmaltes sanitarios en el mercado pues mantiene una LIMPIEZA, RESISTENCIA y DURABILIDAD superior a cualquier esmalte dom\u00e9stico. \u00c9sta pintura contiene agentes antibacteriales amigables con su salud que evita la formaci\u00f3n de algas, hongos, bacterias y microorganismos.<\/p>\n<p>Presentaciones:\u00a0<span class=\"container-data\">Gal\u00f3n (4 Lts) y cubeta (19 Lts)<\/span><\/p>\n<h3><a href=\"https:\/\/wa.link\/r972e5\">COTIZAR PRODUCTO<\/a><\/h3>\n","protected":false},"featured_media":165,"comment_status":"open","ping_status":"closed","template":"","meta":{"saved_in_kubio":false,"_joinchat":[]},"product_brand":[],"product_cat":[81,26],"product_tag":[37],"class_list":{"0":"post-164","1":"product","2":"type-product","3":"status-publish","4":"has-post-thumbnail","6":"product_cat-antibacterial","7":"product_cat-esmalte","8":"product_tag-esmalte-acrilico","10":"first","11":"instock","12":"shipping-taxable","13":"product-type-simple"},"_links":{"self":[{"href":"https:\/\/tresonsw.com\/index.php\/wp-json\/wp\/v2\/product\/164","targetHints":{"allow":["GET"]}}],"collection":[{"href":"https:\/\/tresonsw.com\/index.php\/wp-json\/wp\/v2\/product"}],"about":[{"href":"https:\/\/tresonsw.com\/index.php\/wp-json\/wp\/v2\/types\/product"}],"replies":[{"embeddable":true,"href":"https:\/\/tresonsw.com\/index.php\/wp-json\/wp\/v2\/comments?post=164"}],"wp:featuredmedia":[{"embeddable":true,"href":"https:\/\/tresonsw.com\/index.php\/wp-json\/wp\/v2\/media\/165"}],"wp:attachment":[{"href":"https:\/\/tresonsw.com\/index.php\/wp-json\/wp\/v2\/media?parent=164"}],"wp:term":[{"taxonomy":"product_brand","embeddable":true,"href":"https:\/\/tresonsw.com\/index.php\/wp-json\/wp\/v2\/product_brand?post=164"},{"taxonomy":"product_cat","embeddable":true,"href":"https:\/\/tresonsw.com\/index.php\/wp-json\/wp\/v2\/product_cat?post=164"},{"taxonomy":"product_tag","embeddable":true,"href":"https:\/\/tresonsw.com\/index.php\/wp-json\/wp\/v2\/product_tag?post=164"}],"curies":[{"name":"wp","href":"https:\/\/api.w.org\/{rel}","templated":true}]}}