{"id":150,"date":"2024-03-24T22:34:54","date_gmt":"2024-03-24T22:34:54","guid":{"rendered":"https:\/\/tresonsw.com\/?post_type=product&#038;p=150"},"modified":"2025-03-14T23:36:00","modified_gmt":"2025-03-14T23:36:00","slug":"evolucion","status":"publish","type":"product","link":"https:\/\/tresonsw.com\/index.php\/producto\/evolucion\/","title":{"rendered":"Evoluci\u00f3n"},"content":{"rendered":"<p>Esmalte alquid\u00e1lico ideal para resaltar elementos de decoraci\u00f3n en interiores y exteriores al mejor precio.<\/p>\n<p>Presentaciones:\u00a0<span class=\"container-data\">Litro, gal\u00f3n (4 Lts) y cubeta (19 Lts)<\/span><\/p>\n<p>BENEFICIOS:<\/p>\n<ul>\n<li>La mejor relaci\u00f3n costo-beneficio.<\/li>\n<li><i class=\"fa fa-check\"><\/i>Alto rendimiento.<\/li>\n<li><i class=\"fa fa-check\"><\/i>Elevada resistencia a interiores y exteriores.<\/li>\n<li><i class=\"fa fa-check\"><\/i>Acabado brillante.<\/li>\n<\/ul>\n","protected":false},"excerpt":{"rendered":"<p>Esmalte alquid\u00e1lico ideal para resaltar elementos de decoraci\u00f3n en interiores y exteriores al mejor precio.<\/p>\n<p>Presentaciones:\u00a0<span class=\"container-data\">Litro, gal\u00f3n (4 Lts) y cubeta (19 Lts)<\/span><\/p>\n<h3><a href=\"https:\/\/wa.link\/r972e5\">COTIZAR PRODUCTO<\/a><\/h3>\n","protected":false},"featured_media":151,"comment_status":"open","ping_status":"closed","template":"","meta":{"saved_in_kubio":false,"_joinchat":[]},"product_brand":[],"product_cat":[26,78],"product_tag":[27],"class_list":{"0":"post-150","1":"product","2":"type-product","3":"status-publish","4":"has-post-thumbnail","6":"product_cat-esmalte","7":"product_cat-esmaltes","8":"product_tag-esmalte-alquidalico","10":"first","11":"instock","12":"shipping-taxable","13":"product-type-simple"},"_links":{"self":[{"href":"https:\/\/tresonsw.com\/index.php\/wp-json\/wp\/v2\/product\/150","targetHints":{"allow":["GET"]}}],"collection":[{"href":"https:\/\/tresonsw.com\/index.php\/wp-json\/wp\/v2\/product"}],"about":[{"href":"https:\/\/tresonsw.com\/index.php\/wp-json\/wp\/v2\/types\/product"}],"replies":[{"embeddable":true,"href":"https:\/\/tresonsw.com\/index.php\/wp-json\/wp\/v2\/comments?post=150"}],"wp:featuredmedia":[{"embeddable":true,"href":"https:\/\/tresonsw.com\/index.php\/wp-json\/wp\/v2\/media\/151"}],"wp:attachment":[{"href":"https:\/\/tresonsw.com\/index.php\/wp-json\/wp\/v2\/media?parent=150"}],"wp:term":[{"taxonomy":"product_brand","embeddable":true,"href":"https:\/\/tresonsw.com\/index.php\/wp-json\/wp\/v2\/product_brand?post=150"},{"taxonomy":"product_cat","embeddable":true,"href":"https:\/\/tresonsw.com\/index.php\/wp-json\/wp\/v2\/product_cat?post=150"},{"taxonomy":"product_tag","embeddable":true,"href":"https:\/\/tresonsw.com\/index.php\/wp-json\/wp\/v2\/product_tag?post=150"}],"curies":[{"name":"wp","href":"https:\/\/api.w.org\/{rel}","templated":true}]}}