{"id":146,"date":"2024-03-24T22:30:58","date_gmt":"2024-03-24T22:30:58","guid":{"rendered":"https:\/\/tresonsw.com\/?post_type=product&#038;p=146"},"modified":"2025-03-14T23:33:38","modified_gmt":"2025-03-14T23:33:38","slug":"pab-acabado-metalico","status":"publish","type":"product","link":"https:\/\/tresonsw.com\/index.php\/producto\/pab-acabado-metalico\/","title":{"rendered":"PAB Acabado Met\u00e1lico"},"content":{"rendered":"<p>Esmalte alquid\u00e1lico entintable ideal para superficies met\u00e1licas. Puede usarse en sistema con una mano previa de primario, para lograr mayor resistencia a la oxidaci\u00f3n.<\/p>\n<p>Presentaciones:\u00a0<span class=\"container-data\">Litro y gal\u00f3n (4 Lts)<\/span><\/p>\n<p>BENEFICIOS:<\/p>\n<ul>\n<li>Excelente acabado met\u00e1lico.<\/li>\n<li><i class=\"fa fa-check\"><\/i>M\u00e1xima resistencia en exteriores.<\/li>\n<li><i class=\"fa fa-check\"><\/i>Protege de la corrosi\u00f3n.<\/li>\n<li><i class=\"fa fa-check\"><\/i>Acabado mate.<\/li>\n<li><i class=\"fa fa-check\"><\/i>Alto poder cubriente.<\/li>\n<\/ul>\n","protected":false},"excerpt":{"rendered":"<p>Esmalte alquid\u00e1lico entintable ideal para superficies met\u00e1licas. Puede usarse en sistema con una mano previa de primario, para lograr mayor resistencia a la oxidaci\u00f3n.<\/p>\n<p>Presentaciones:\u00a0<span class=\"container-data\">Litro y gal\u00f3n (4 Lts)<\/span><\/p>\n<h3><a href=\"https:\/\/wa.link\/r972e5\">COTIZAR PRODUCTO<\/a><\/h3>\n","protected":false},"featured_media":147,"comment_status":"open","ping_status":"closed","template":"","meta":{"saved_in_kubio":false,"_joinchat":[]},"product_brand":[],"product_cat":[26,78,75],"product_tag":[27],"class_list":{"0":"post-146","1":"product","2":"type-product","3":"status-publish","4":"has-post-thumbnail","6":"product_cat-esmalte","7":"product_cat-esmaltes","8":"product_cat-mejores-productos","9":"product_tag-esmalte-alquidalico","11":"first","12":"instock","13":"shipping-taxable","14":"product-type-simple"},"_links":{"self":[{"href":"https:\/\/tresonsw.com\/index.php\/wp-json\/wp\/v2\/product\/146","targetHints":{"allow":["GET"]}}],"collection":[{"href":"https:\/\/tresonsw.com\/index.php\/wp-json\/wp\/v2\/product"}],"about":[{"href":"https:\/\/tresonsw.com\/index.php\/wp-json\/wp\/v2\/types\/product"}],"replies":[{"embeddable":true,"href":"https:\/\/tresonsw.com\/index.php\/wp-json\/wp\/v2\/comments?post=146"}],"wp:featuredmedia":[{"embeddable":true,"href":"https:\/\/tresonsw.com\/index.php\/wp-json\/wp\/v2\/media\/147"}],"wp:attachment":[{"href":"https:\/\/tresonsw.com\/index.php\/wp-json\/wp\/v2\/media?parent=146"}],"wp:term":[{"taxonomy":"product_brand","embeddable":true,"href":"https:\/\/tresonsw.com\/index.php\/wp-json\/wp\/v2\/product_brand?post=146"},{"taxonomy":"product_cat","embeddable":true,"href":"https:\/\/tresonsw.com\/index.php\/wp-json\/wp\/v2\/product_cat?post=146"},{"taxonomy":"product_tag","embeddable":true,"href":"https:\/\/tresonsw.com\/index.php\/wp-json\/wp\/v2\/product_tag?post=146"}],"curies":[{"name":"wp","href":"https:\/\/api.w.org\/{rel}","templated":true}]}}