{"id":142,"date":"2024-03-24T22:25:53","date_gmt":"2024-03-24T22:25:53","guid":{"rendered":"https:\/\/tresonsw.com\/?post_type=product&#038;p=142"},"modified":"2024-05-20T00:50:08","modified_gmt":"2024-05-20T00:50:08","slug":"metalex","status":"publish","type":"product","link":"https:\/\/tresonsw.com\/index.php\/producto\/metalex\/","title":{"rendered":"Metalex"},"content":{"rendered":"<p>Es un recubrimiento alquid\u00e1lico brillante de secado r\u00e1pido, especialmente formulado para dar un r\u00e1pido mantenimiento a superficies de acero previamente pintadas. Su uso permite que las estructuras, tuber\u00edas, maquinaria, herrer\u00eda, cortinas met\u00e1licas, tanques y carrocer\u00edas mantengan una imagen impecable y al mismo tiempo extiende la protecci\u00f3n contra agentes externos como la humedad, el polvo y la mugre, entre otros.<\/p>\n<p>Presentaciones:\u00a0<span class=\"container-data\">Gal\u00f3n (4 Lts) y cubeta (19 Lts)<\/span><\/p>\n<p>BENEFICIOS:<\/p>\n<ul>\n<li>Secado extra r\u00e1pido.<\/li>\n<li><i class=\"fa fa-check\"><\/i>Alto brillo.<\/li>\n<li><i class=\"fa fa-check\"><\/i>Ideal para superficies de acero previamente pintadas.<\/li>\n<li><i class=\"fa fa-check\"><\/i>Puede ser usado para pintar l\u00edneas de se\u00f1alamientos tr\u00e1fico y guarniciones.<\/li>\n<\/ul>\n<p>&nbsp;<\/p>\n","protected":false},"excerpt":{"rendered":"<p>Es un recubrimiento alquid\u00e1lico brillante de secado r\u00e1pido, especialmente formulado para dar un r\u00e1pido mantenimiento a superficies de acero previamente pintadas. Su uso permite que las estructuras, tuber\u00edas, maquinaria, herrer\u00eda, cortinas met\u00e1licas, tanques y carrocer\u00edas mantengan una imagen impecable y al mismo tiempo extiende la protecci\u00f3n contra agentes externos como la humedad, el polvo y la mugre, entre otros.<\/p>\n<p>Presentaciones:\u00a0<span class=\"container-data\">Gal\u00f3n (4 Lts) y cubeta (19 Lts)<\/span><\/p>\n<h3><a href=\"https:\/\/wa.link\/r972e5\">COTIZAR PRODUCTO<\/a><\/h3>\n","protected":false},"featured_media":143,"comment_status":"open","ping_status":"closed","template":"","meta":{"saved_in_kubio":false,"_joinchat":[]},"product_brand":[],"product_cat":[28],"product_tag":[29],"class_list":{"0":"post-142","1":"product","2":"type-product","3":"status-publish","4":"has-post-thumbnail","6":"product_cat-recubrimiento","7":"product_tag-recubrimiento-alquidalico","9":"first","10":"instock","11":"shipping-taxable","12":"product-type-simple"},"_links":{"self":[{"href":"https:\/\/tresonsw.com\/index.php\/wp-json\/wp\/v2\/product\/142","targetHints":{"allow":["GET"]}}],"collection":[{"href":"https:\/\/tresonsw.com\/index.php\/wp-json\/wp\/v2\/product"}],"about":[{"href":"https:\/\/tresonsw.com\/index.php\/wp-json\/wp\/v2\/types\/product"}],"replies":[{"embeddable":true,"href":"https:\/\/tresonsw.com\/index.php\/wp-json\/wp\/v2\/comments?post=142"}],"wp:featuredmedia":[{"embeddable":true,"href":"https:\/\/tresonsw.com\/index.php\/wp-json\/wp\/v2\/media\/143"}],"wp:attachment":[{"href":"https:\/\/tresonsw.com\/index.php\/wp-json\/wp\/v2\/media?parent=142"}],"wp:term":[{"taxonomy":"product_brand","embeddable":true,"href":"https:\/\/tresonsw.com\/index.php\/wp-json\/wp\/v2\/product_brand?post=142"},{"taxonomy":"product_cat","embeddable":true,"href":"https:\/\/tresonsw.com\/index.php\/wp-json\/wp\/v2\/product_cat?post=142"},{"taxonomy":"product_tag","embeddable":true,"href":"https:\/\/tresonsw.com\/index.php\/wp-json\/wp\/v2\/product_tag?post=142"}],"curies":[{"name":"wp","href":"https:\/\/api.w.org\/{rel}","templated":true}]}}