{"id":134,"date":"2024-03-24T22:21:20","date_gmt":"2024-03-24T22:21:20","guid":{"rendered":"https:\/\/tresonsw.com\/?post_type=product&#038;p=134"},"modified":"2025-03-14T23:13:51","modified_gmt":"2025-03-14T23:13:51","slug":"evolucion-extra-rendimiento","status":"publish","type":"product","link":"https:\/\/tresonsw.com\/index.php\/producto\/evolucion-extra-rendimiento\/","title":{"rendered":"Evoluci\u00f3n Extra Rendimiento"},"content":{"rendered":"<p>Pintura vinil-acr\u00edlica que le ofrece la mejor opci\u00f3n para aquellos trabajos donde el ahorro es lo m\u00e1s importante.<\/p>\n<p>Presentaciones:\u00a0<span class=\"container-data\">Litro, gal\u00f3n (4 Lts) y cubeta (19 Lts)<\/span><\/p>\n<p>BENEFICIOS:<\/p>\n<ul>\n<li>Alto poder cubriente.<\/li>\n<li><i class=\"fa fa-check\"><\/i>Amplia gama de colores.<\/li>\n<li><i class=\"fa fa-check\"><\/i>Alto rendimiento.<\/li>\n<li><i class=\"fa fa-check\"><\/i>Acabado mate.<\/li>\n<\/ul>\n","protected":false},"excerpt":{"rendered":"<p>Pintura vinil-acr\u00edlica que le ofrece la mejor opci\u00f3n para aquellos trabajos donde el ahorro es lo m\u00e1s importante.<\/p>\n<p>Presentaciones:\u00a0<span class=\"container-data\">Litro, gal\u00f3n (4 Lts) y cubeta (19 Lts)<\/span><\/p>\n<h3><a href=\"https:\/\/wa.link\/r972e5\">COTIZAR PRODUCTO<\/a><\/h3>\n","protected":false},"featured_media":135,"comment_status":"open","ping_status":"closed","template":"","meta":{"saved_in_kubio":false,"_joinchat":[]},"product_brand":[],"product_cat":[75,23,76],"product_tag":[25],"class_list":{"0":"post-134","1":"product","2":"type-product","3":"status-publish","4":"has-post-thumbnail","6":"product_cat-mejores-productos","7":"product_cat-pinturas","8":"product_cat-vinilicas","9":"product_tag-pintura-vinil-acrilico","11":"first","12":"instock","13":"shipping-taxable","14":"product-type-simple"},"_links":{"self":[{"href":"https:\/\/tresonsw.com\/index.php\/wp-json\/wp\/v2\/product\/134","targetHints":{"allow":["GET"]}}],"collection":[{"href":"https:\/\/tresonsw.com\/index.php\/wp-json\/wp\/v2\/product"}],"about":[{"href":"https:\/\/tresonsw.com\/index.php\/wp-json\/wp\/v2\/types\/product"}],"replies":[{"embeddable":true,"href":"https:\/\/tresonsw.com\/index.php\/wp-json\/wp\/v2\/comments?post=134"}],"wp:featuredmedia":[{"embeddable":true,"href":"https:\/\/tresonsw.com\/index.php\/wp-json\/wp\/v2\/media\/135"}],"wp:attachment":[{"href":"https:\/\/tresonsw.com\/index.php\/wp-json\/wp\/v2\/media?parent=134"}],"wp:term":[{"taxonomy":"product_brand","embeddable":true,"href":"https:\/\/tresonsw.com\/index.php\/wp-json\/wp\/v2\/product_brand?post=134"},{"taxonomy":"product_cat","embeddable":true,"href":"https:\/\/tresonsw.com\/index.php\/wp-json\/wp\/v2\/product_cat?post=134"},{"taxonomy":"product_tag","embeddable":true,"href":"https:\/\/tresonsw.com\/index.php\/wp-json\/wp\/v2\/product_tag?post=134"}],"curies":[{"name":"wp","href":"https:\/\/api.w.org\/{rel}","templated":true}]}}