{"id":126,"date":"2024-03-24T22:14:50","date_gmt":"2024-03-24T22:14:50","guid":{"rendered":"https:\/\/tresonsw.com\/?post_type=product&#038;p=126"},"modified":"2025-03-14T22:59:15","modified_gmt":"2025-03-14T22:59:15","slug":"super-kem-tone-autolavable","status":"publish","type":"product","link":"https:\/\/tresonsw.com\/index.php\/producto\/super-kem-tone-autolavable\/","title":{"rendered":"S\u00faper Kem Tone Autolavable"},"content":{"rendered":"<p>Pintura 100% acr\u00edlica desarrollada con tecnolog\u00eda exclusiva ALKACLEAN de Sherwin-Williams, la cual cuenta con excelente adherencia y durabilidad inclusive en condiciones de costa.<\/p>\n<p>Presentaciones:\u00a0<span class=\"container-data\">Gal\u00f3n (4 Lts) y cubeta (19 Lts)<\/span><\/p>\n<p>BENEFICIOS:<\/p>\n<ul>\n<li>Remueve suciedad de la intemperie con la ca\u00edda de lluvia.<\/li>\n<li><i class=\"fa fa-check\"><\/i>Excelente adherencia sobre sustratos susceptibles al salitre.<\/li>\n<li><i class=\"fa fa-check\"><\/i>Resistente a climas de costa, moho y hongos en la superficie de la pintura.<\/li>\n<li><i class=\"fa fa-check\"><\/i>Disponible en colores resistentes al exterior.<\/li>\n<\/ul>\n","protected":false},"excerpt":{"rendered":"<p>Pintura 100% acr\u00edlica desarrollada con tecnolog\u00eda exclusiva ALKACLEAN de Sherwin-Williams, la cual cuenta con excelente adherencia y durabilidad inclusive en condiciones de costa.<\/p>\n<p>Presentaciones:\u00a0<span class=\"container-data\">Gal\u00f3n (4 Lts) y cubeta (19 Lts)<\/span><\/p>\n<h3><a href=\"https:\/\/wa.link\/r972e5\">COTIZAR PRODUCTO<\/a><\/h3>\n","protected":false},"featured_media":127,"comment_status":"open","ping_status":"closed","template":"","meta":{"saved_in_kubio":false,"_joinchat":[]},"product_brand":[],"product_cat":[75,23,76],"product_tag":[24],"class_list":{"0":"post-126","1":"product","2":"type-product","3":"status-publish","4":"has-post-thumbnail","6":"product_cat-mejores-productos","7":"product_cat-pinturas","8":"product_cat-vinilicas","9":"product_tag-pintura-acrilica","11":"first","12":"instock","13":"shipping-taxable","14":"product-type-simple"},"_links":{"self":[{"href":"https:\/\/tresonsw.com\/index.php\/wp-json\/wp\/v2\/product\/126","targetHints":{"allow":["GET"]}}],"collection":[{"href":"https:\/\/tresonsw.com\/index.php\/wp-json\/wp\/v2\/product"}],"about":[{"href":"https:\/\/tresonsw.com\/index.php\/wp-json\/wp\/v2\/types\/product"}],"replies":[{"embeddable":true,"href":"https:\/\/tresonsw.com\/index.php\/wp-json\/wp\/v2\/comments?post=126"}],"wp:featuredmedia":[{"embeddable":true,"href":"https:\/\/tresonsw.com\/index.php\/wp-json\/wp\/v2\/media\/127"}],"wp:attachment":[{"href":"https:\/\/tresonsw.com\/index.php\/wp-json\/wp\/v2\/media?parent=126"}],"wp:term":[{"taxonomy":"product_brand","embeddable":true,"href":"https:\/\/tresonsw.com\/index.php\/wp-json\/wp\/v2\/product_brand?post=126"},{"taxonomy":"product_cat","embeddable":true,"href":"https:\/\/tresonsw.com\/index.php\/wp-json\/wp\/v2\/product_cat?post=126"},{"taxonomy":"product_tag","embeddable":true,"href":"https:\/\/tresonsw.com\/index.php\/wp-json\/wp\/v2\/product_tag?post=126"}],"curies":[{"name":"wp","href":"https:\/\/api.w.org\/{rel}","templated":true}]}}