{"id":122,"date":"2024-03-24T22:11:44","date_gmt":"2024-03-24T22:11:44","guid":{"rendered":"https:\/\/tresonsw.com\/?post_type=product&#038;p=122"},"modified":"2025-03-14T23:56:32","modified_gmt":"2025-03-14T23:56:32","slug":"econoprimer","status":"publish","type":"product","link":"https:\/\/tresonsw.com\/index.php\/producto\/econoprimer\/","title":{"rendered":"Econoprimer"},"content":{"rendered":"<p>Es un primario de secado r\u00e1pido de uso en superficies de fierro y acero. Puede ser recubierto con esmaltes acr\u00edlicos o alquid\u00e1licos.<\/p>\n<p>Presentaciones:\u00a0<span class=\"container-data\">Litro, gal\u00f3n (4 Lts) y cubeta (19 Lts)<\/span><\/p>\n<p>BENEFICIOS:<\/p>\n<ul class=\"list-benefits\">\n<li>Alta resistencia contra la corrosi\u00f3n.<\/li>\n<li><i class=\"fa fa-check\"><\/i>Ideal para superficies de fierro y acero.<\/li>\n<li><i class=\"fa fa-check\"><\/i>Seca en minutos.<\/li>\n<li><i class=\"fa fa-check\"><\/i>Libre de plomo y metales pesados.<\/li>\n<\/ul>\n","protected":false},"excerpt":{"rendered":"<p>Es un primario de secado r\u00e1pido de uso en superficies de fierro y acero. Puede ser recubierto con esmaltes acr\u00edlicos o alquid\u00e1licos.<\/p>\n<p>Presentaciones:\u00a0<span class=\"container-data\">Litro, gal\u00f3n (4 Lts) y cubeta (19 Lts)<\/span><\/p>\n<h3><a href=\"https:\/\/wa.link\/r972e5\">COTIZAR PRODUCTO<\/a><\/h3>\n","protected":false},"featured_media":123,"comment_status":"open","ping_status":"closed","template":"","meta":{"saved_in_kubio":false,"_joinchat":[]},"product_brand":[],"product_cat":[79,21],"product_tag":[22],"class_list":{"0":"post-122","1":"product","2":"type-product","3":"status-publish","4":"has-post-thumbnail","6":"product_cat-primarios","7":"product_cat-sellador","8":"product_tag-sellador","10":"first","11":"instock","12":"shipping-taxable","13":"product-type-simple"},"_links":{"self":[{"href":"https:\/\/tresonsw.com\/index.php\/wp-json\/wp\/v2\/product\/122","targetHints":{"allow":["GET"]}}],"collection":[{"href":"https:\/\/tresonsw.com\/index.php\/wp-json\/wp\/v2\/product"}],"about":[{"href":"https:\/\/tresonsw.com\/index.php\/wp-json\/wp\/v2\/types\/product"}],"replies":[{"embeddable":true,"href":"https:\/\/tresonsw.com\/index.php\/wp-json\/wp\/v2\/comments?post=122"}],"wp:featuredmedia":[{"embeddable":true,"href":"https:\/\/tresonsw.com\/index.php\/wp-json\/wp\/v2\/media\/123"}],"wp:attachment":[{"href":"https:\/\/tresonsw.com\/index.php\/wp-json\/wp\/v2\/media?parent=122"}],"wp:term":[{"taxonomy":"product_brand","embeddable":true,"href":"https:\/\/tresonsw.com\/index.php\/wp-json\/wp\/v2\/product_brand?post=122"},{"taxonomy":"product_cat","embeddable":true,"href":"https:\/\/tresonsw.com\/index.php\/wp-json\/wp\/v2\/product_cat?post=122"},{"taxonomy":"product_tag","embeddable":true,"href":"https:\/\/tresonsw.com\/index.php\/wp-json\/wp\/v2\/product_tag?post=122"}],"curies":[{"name":"wp","href":"https:\/\/api.w.org\/{rel}","templated":true}]}}